{"id":4894,"date":"2026-03-19T14:40:28","date_gmt":"2026-03-19T13:40:28","guid":{"rendered":"https:\/\/pwlibra.pl\/?post_type=product&#038;p=4894"},"modified":"2026-03-19T15:21:34","modified_gmt":"2026-03-19T14:21:34","slug":"praktyczny-kieszonkowy-przewodnik-po-szklarskiej-porebie","status":"publish","type":"product","link":"https:\/\/pwlibra.pl\/index.php\/produkt\/praktyczny-kieszonkowy-przewodnik-po-szklarskiej-porebie\/","title":{"rendered":"Praktyczny kieszonkowy przewodnik po Szklarskiej Por\u0119bie"},"content":{"rendered":"<p>przewodnik<\/p>\n","protected":false},"excerpt":{"rendered":"<p><strong>Przewodnik po Szklarskiej Por\u0119bie.<\/strong><\/p>\n<p>W \u015brodku: rys historyczny Szklarskiej Por\u0119by, informacje praktyczne, opis atrakcji turystycznych i muze\u00f3w.<\/p>\n<p>Opis 5 wycieczek po Szklarskiej Por\u0119bie i okolicy z profilami, opis okolicznych miejscowo\u015bci m. in. Karpacz, \u015awierad\u00f3w-Zdr\u00f3j.<\/p>\n<p><strong>Wydanie I Szklarska Por\u0119ba 2025<\/strong><\/p>\n","protected":false},"featured_media":4895,"template":"","meta":[],"authors":[173],"publishers":[168,170],"product_brand":[],"product_cat":[101],"product_tag":[],"class_list":{"0":"post-4894","1":"product","2":"type-product","3":"status-publish","4":"has-post-thumbnail","6":"authors-lis-marek","7":"publishers-ksiegarnia-libra","8":"publishers-wydawnictwo-vado","9":"product_cat-mapy-i-przewodniki","10":"entry","11":"has-media","14":"first","15":"instock","16":"taxable","17":"shipping-taxable","18":"purchasable","19":"product-type-simple","20":"has-product-nav","21":"col","22":"span_1_of_4","23":"owp-content-center","24":"owp-thumbs-layout-horizontal","25":"owp-btn-normal","26":"owp-tabs-layout-horizontal"},"_links":{"self":[{"href":"https:\/\/pwlibra.pl\/index.php\/wp-json\/wp\/v2\/product\/4894","targetHints":{"allow":["GET"]}}],"collection":[{"href":"https:\/\/pwlibra.pl\/index.php\/wp-json\/wp\/v2\/product"}],"about":[{"href":"https:\/\/pwlibra.pl\/index.php\/wp-json\/wp\/v2\/types\/product"}],"version-history":[{"count":3,"href":"https:\/\/pwlibra.pl\/index.php\/wp-json\/wp\/v2\/product\/4894\/revisions"}],"predecessor-version":[{"id":4907,"href":"https:\/\/pwlibra.pl\/index.php\/wp-json\/wp\/v2\/product\/4894\/revisions\/4907"}],"wp:featuredmedia":[{"embeddable":true,"href":"https:\/\/pwlibra.pl\/index.php\/wp-json\/wp\/v2\/media\/4895"}],"wp:attachment":[{"href":"https:\/\/pwlibra.pl\/index.php\/wp-json\/wp\/v2\/media?parent=4894"}],"wp:term":[{"taxonomy":"authors","embeddable":true,"href":"https:\/\/pwlibra.pl\/index.php\/wp-json\/wp\/v2\/authors?post=4894"},{"taxonomy":"publishers","embeddable":true,"href":"https:\/\/pwlibra.pl\/index.php\/wp-json\/wp\/v2\/publishers?post=4894"},{"taxonomy":"product_brand","embeddable":true,"href":"https:\/\/pwlibra.pl\/index.php\/wp-json\/wp\/v2\/product_brand?post=4894"},{"taxonomy":"product_cat","embeddable":true,"href":"https:\/\/pwlibra.pl\/index.php\/wp-json\/wp\/v2\/product_cat?post=4894"},{"taxonomy":"product_tag","embeddable":true,"href":"https:\/\/pwlibra.pl\/index.php\/wp-json\/wp\/v2\/product_tag?post=4894"}],"curies":[{"name":"wp","href":"https:\/\/api.w.org\/{rel}","templated":true}]}}