{"id":4750,"date":"2025-12-15T17:39:24","date_gmt":"2025-12-15T16:39:24","guid":{"rendered":"https:\/\/pwlibra.pl\/?post_type=product&#038;p=4750"},"modified":"2025-12-15T17:39:24","modified_gmt":"2025-12-15T16:39:24","slug":"zapomniane-tajemnice-karkonoszy","status":"publish","type":"product","link":"https:\/\/pwlibra.pl\/index.php\/produkt\/zapomniane-tajemnice-karkonoszy\/","title":{"rendered":"Zapomniane tajemnice Karkonoszy"},"content":{"rendered":"<p>Ksi\u0105\u017cka<\/p>\n","protected":false},"excerpt":{"rendered":"<p>Janusz Skowro\u0144ski przybli\u017ca Czytelnikom nieznane szerzej wydarzenia, kt\u00f3re rozgrywa\u0142y si\u0119 w Karkonoszach w ostatnich latach II wojny \u015bwiatowej i pierwszych latach pokoju.<\/p>\n<p>Dzi\u0119ki odnalezieniu wielu \u015bwiadk\u00f3w i dotarciu do nieznanych dot\u0105d dokument\u00f3w, Autorowi uda\u0142o si\u0119 odkry\u0107 najwi\u0119ksze tajemnice, jakie kryj\u0105 w tym pasmie g\u00f3rskim. Opisuje m.in. ucieczki Hansa Franka i Karla Hankego, odnalezienie dzie\u0142 Jana Matejki we wsi Hain, tajemnicz\u0105 posta\u0107 pu\u0142kownika Soko\u0142owa, chorob\u0119, \u015bmier\u0107 i dziwne okoliczno\u015bci poch\u00f3wku pisarza Gerharta Hauptmanna czy poszukiwania Ericha Fuchsa. Bohaterami innych opisanych tutaj historii s\u0105 tak r\u00f3\u017cnorodne osoby, jak np. Hanna Reitsch, Johannes Becher, Gieorgij \u017bukow, Konstantin Rokossowski, Wojciech Tabaka, Stanis\u0142aw Lorentz, Henryk \u015awi\u0105tkowski, Leopold Staff czy Jan Olszewski. Wszystkie te postacie, z pozoru nie maj\u0105 ze sob\u0105 wiele wsp\u00f3lnego, ale ich losy splot\u0142y si\u0119 w Karkonoszach.<\/p>\n<p>Do ksi\u0105\u017cki do\u0142\u0105czono p\u0142yt\u0119 z filmem \u201eTajemnice \u0141\u0105kowego Kamienia\u201d.<\/p>\n","protected":false},"featured_media":4751,"template":"","meta":[],"authors":[110],"publishers":[120],"product_brand":[],"product_cat":[96],"product_tag":[],"class_list":{"0":"post-4750","1":"product","2":"type-product","3":"status-publish","4":"has-post-thumbnail","6":"authors-skowronski-janusz","7":"publishers-wydawnictwo-cb","8":"product_cat-ksiazki","9":"entry","10":"has-media","13":"first","14":"instock","15":"taxable","16":"shipping-taxable","17":"purchasable","18":"product-type-simple","19":"has-product-nav","20":"col","21":"span_1_of_4","22":"owp-content-center","23":"owp-thumbs-layout-horizontal","24":"owp-btn-normal","25":"owp-tabs-layout-horizontal","26":"has-no-thumbnails"},"_links":{"self":[{"href":"https:\/\/pwlibra.pl\/index.php\/wp-json\/wp\/v2\/product\/4750","targetHints":{"allow":["GET"]}}],"collection":[{"href":"https:\/\/pwlibra.pl\/index.php\/wp-json\/wp\/v2\/product"}],"about":[{"href":"https:\/\/pwlibra.pl\/index.php\/wp-json\/wp\/v2\/types\/product"}],"version-history":[{"count":1,"href":"https:\/\/pwlibra.pl\/index.php\/wp-json\/wp\/v2\/product\/4750\/revisions"}],"predecessor-version":[{"id":4752,"href":"https:\/\/pwlibra.pl\/index.php\/wp-json\/wp\/v2\/product\/4750\/revisions\/4752"}],"wp:featuredmedia":[{"embeddable":true,"href":"https:\/\/pwlibra.pl\/index.php\/wp-json\/wp\/v2\/media\/4751"}],"wp:attachment":[{"href":"https:\/\/pwlibra.pl\/index.php\/wp-json\/wp\/v2\/media?parent=4750"}],"wp:term":[{"taxonomy":"authors","embeddable":true,"href":"https:\/\/pwlibra.pl\/index.php\/wp-json\/wp\/v2\/authors?post=4750"},{"taxonomy":"publishers","embeddable":true,"href":"https:\/\/pwlibra.pl\/index.php\/wp-json\/wp\/v2\/publishers?post=4750"},{"taxonomy":"product_brand","embeddable":true,"href":"https:\/\/pwlibra.pl\/index.php\/wp-json\/wp\/v2\/product_brand?post=4750"},{"taxonomy":"product_cat","embeddable":true,"href":"https:\/\/pwlibra.pl\/index.php\/wp-json\/wp\/v2\/product_cat?post=4750"},{"taxonomy":"product_tag","embeddable":true,"href":"https:\/\/pwlibra.pl\/index.php\/wp-json\/wp\/v2\/product_tag?post=4750"}],"curies":[{"name":"wp","href":"https:\/\/api.w.org\/{rel}","templated":true}]}}