{"id":4747,"date":"2025-12-15T17:34:07","date_gmt":"2025-12-15T16:34:07","guid":{"rendered":"https:\/\/pwlibra.pl\/?post_type=product&#038;p=4747"},"modified":"2025-12-15T17:37:07","modified_gmt":"2025-12-15T16:37:07","slug":"zamki-palace-i-dwory-ziemi-jeleniogorskiej","status":"publish","type":"product","link":"https:\/\/pwlibra.pl\/index.php\/produkt\/zamki-palace-i-dwory-ziemi-jeleniogorskiej\/","title":{"rendered":"Zamki, pa\u0142ace i dwory ziemi jeleniog\u00f3rskiej"},"content":{"rendered":"<p>Ksi\u0105\u017cka<\/p>\n","protected":false},"excerpt":{"rendered":"<div class=\"woocommerce-product-details__short-description\">\n<p>Zamki, pa\u0142ace i dwory ziemi jeleniog\u00f3rskiej \u2022 Burgen, Schl\u00f6sser und Herrenh\u00e4user im Hirschberer Land, zaktualizowana publikacja Marka Gaworskiego zawieraj\u0105ca opisy (w tym w j\u0119zyku niemieckim) i liczne fotografie 40 obiekt\u00f3w. Kr\u00f3tko, ciekawie i kolorowo.<\/p>\n<\/div>\n<p>SPIS OBIEKT\u00d3W<\/p>\n<ol>\n<li>BARCINEK<\/li>\n<li>BOROWY JAR<\/li>\n<li>BUKOWIEC<\/li>\n<li>CZERNICA<\/li>\n<li>D\u0104BROWICA<\/li>\n<li>DZIWISZ\u00d3W<\/li>\n<li>JANOWICE WIELKIE<\/li>\n<li>JANOWICE WIELKIE Bolcz\u00f3w<\/li>\n<li>JELENIA G\u00d3RA Pa\u0142ac Gottfried\u00f3w<\/li>\n<li>JELENIA G\u00d3RA Pa\u0142ac Paulinum<\/li>\n<li>JELENIA G\u00d3RA Dw\u00f3r Grabary<\/li>\n<li>JELENIA G\u00d3RA Dw\u00f3r Czarne<\/li>\n<li>JELENIA G\u00d3RA CIEPLICE Pa\u0142ac Ziethena<\/li>\n<li>JELENIA G\u00d3RA CIEPLICE<\/li>\n<li>JELENIA G\u00d3RA JAGNI\u0104TK\u00d3W<\/li>\n<li>JELENIA G\u00d3RA Wzg\u00f3rze Krzywoustego<\/li>\n<li>JELENIA G\u00d3RA SOBIESZ\u00d3W Chojnik<\/li>\n<li>JELENIA G\u00d3RA SOBIESZ\u00d3W<\/li>\n<li>KARPNIKI<\/li>\n<li>KARPNIKI D\u0119bowy Dw\u00f3r<\/li>\n<li>KOMARNO<\/li>\n<li>KOWARY<\/li>\n<li>KOWARY CISZYCA<\/li>\n<li>KOWARY RADOCINY<\/li>\n<li>KOZINIEC<\/li>\n<li>\u0141OMNICA<\/li>\n<li>MI\u0141K\u00d3W<\/li>\n<li>MNISZK\u00d3W<\/li>\n<li>MYS\u0141AKOWICE<\/li>\n<li>PIECHOWICE PAKOSZ\u00d3W<\/li>\n<li>RADOMIERZ<\/li>\n<li>RYBNICA<\/li>\n<li>SIEDL\u0118CIN<\/li>\n<li>SOKOLEC<\/li>\n<li>STANISZ\u00d3W Pa\u0142ac na Wodzie<\/li>\n<li>STANISZ\u00d3W<\/li>\n<li>STANISZ\u00d3W<\/li>\n<li>STARA KAMIENICA<\/li>\n<li>WOJAN\u00d3W<\/li>\n<li>WOJAN\u00d3W BOBR\u00d3W<\/li>\n<\/ol>\n<p>Gaworski Marek<\/p>\n","protected":false},"featured_media":4748,"template":"","meta":[],"authors":[131],"publishers":[132],"product_brand":[],"product_cat":[96],"product_tag":[],"class_list":{"0":"post-4747","1":"product","2":"type-product","3":"status-publish","4":"has-post-thumbnail","6":"authors-gaworski-marek","7":"publishers-matiang","8":"product_cat-ksiazki","9":"entry","10":"has-media","13":"first","14":"instock","15":"taxable","16":"shipping-taxable","17":"purchasable","18":"product-type-simple","19":"has-product-nav","20":"col","21":"span_1_of_4","22":"owp-content-center","23":"owp-thumbs-layout-horizontal","24":"owp-btn-normal","25":"owp-tabs-layout-horizontal","26":"has-no-thumbnails"},"_links":{"self":[{"href":"https:\/\/pwlibra.pl\/index.php\/wp-json\/wp\/v2\/product\/4747","targetHints":{"allow":["GET"]}}],"collection":[{"href":"https:\/\/pwlibra.pl\/index.php\/wp-json\/wp\/v2\/product"}],"about":[{"href":"https:\/\/pwlibra.pl\/index.php\/wp-json\/wp\/v2\/types\/product"}],"version-history":[{"count":1,"href":"https:\/\/pwlibra.pl\/index.php\/wp-json\/wp\/v2\/product\/4747\/revisions"}],"predecessor-version":[{"id":4749,"href":"https:\/\/pwlibra.pl\/index.php\/wp-json\/wp\/v2\/product\/4747\/revisions\/4749"}],"wp:featuredmedia":[{"embeddable":true,"href":"https:\/\/pwlibra.pl\/index.php\/wp-json\/wp\/v2\/media\/4748"}],"wp:attachment":[{"href":"https:\/\/pwlibra.pl\/index.php\/wp-json\/wp\/v2\/media?parent=4747"}],"wp:term":[{"taxonomy":"authors","embeddable":true,"href":"https:\/\/pwlibra.pl\/index.php\/wp-json\/wp\/v2\/authors?post=4747"},{"taxonomy":"publishers","embeddable":true,"href":"https:\/\/pwlibra.pl\/index.php\/wp-json\/wp\/v2\/publishers?post=4747"},{"taxonomy":"product_brand","embeddable":true,"href":"https:\/\/pwlibra.pl\/index.php\/wp-json\/wp\/v2\/product_brand?post=4747"},{"taxonomy":"product_cat","embeddable":true,"href":"https:\/\/pwlibra.pl\/index.php\/wp-json\/wp\/v2\/product_cat?post=4747"},{"taxonomy":"product_tag","embeddable":true,"href":"https:\/\/pwlibra.pl\/index.php\/wp-json\/wp\/v2\/product_tag?post=4747"}],"curies":[{"name":"wp","href":"https:\/\/api.w.org\/{rel}","templated":true}]}}