{"id":4738,"date":"2025-12-15T17:26:06","date_gmt":"2025-12-15T16:26:06","guid":{"rendered":"https:\/\/pwlibra.pl\/?post_type=product&#038;p=4738"},"modified":"2025-12-15T17:26:06","modified_gmt":"2025-12-15T16:26:06","slug":"zamek-karpniki-schloss-fischbach","status":"publish","type":"product","link":"https:\/\/pwlibra.pl\/index.php\/produkt\/zamek-karpniki-schloss-fischbach\/","title":{"rendered":"Zamek Karpniki \/ Schloss Fischbach"},"content":{"rendered":"<p>Ksi\u0105\u017cka<\/p>\n","protected":false},"excerpt":{"rendered":"<div class=\"woocommerce-product-details__short-description\">\n<p>Historia zamku w Karpnikach si\u0119ga mrocznych czas\u00f3w \u015bredniowiecza. Ju\u017c wtedy w tym miejscu sta\u0142a budowla rycerska otoczona fos\u0105. Na przestrzeni wiek\u00f3w zamek nale\u017ca\u0142 do najznamienitszych \u015bl\u0105skich rod\u00f3w (\u2026).<\/p>\n<p>Najnowsza publikacja Marka Gaworskiego przybli\u017ca to niezwyk\u0142e i szczeg\u00f3lne miejsce jakim jest karpnicki zamek. Wiele barwnych fotografii, rycin i dokument\u00f3w, historycznych i wsp\u00f3\u0142czesnych czyni j\u0105 niezwykle ciekaw\u0105.<\/p>\n<p>Publikacja jest dwuj\u0119zyczna (PL i DE).<\/p>\n<\/div>\n<p>SPIS TRE\u015aCI<\/p>\n<ul>\n<li>Wprowadzenie \/ Einleitung<\/li>\n<li>Pierwsze Lata \/ Die Ersten Jahre<\/li>\n<li>Schaffgotschowie \/\u00a0Die Schaffgotschs<\/li>\n<li>Zamek w Czasach Kanitz\u00f3w i ich spadkobierc\u00f3w \/ Das Schloss Zur Zeit Der Familie Kanitz Und Ihrer Erben<\/li>\n<li>Zamek siedzib\u0105 cz\u0142onk\u00f3w Kr\u00f3lewskiej Rodziny \/\u00a0Schlossresidenz Der Mitglieder Der K\u00f3niglichen Familie<\/li>\n<li>Romantyczne Za\u0142o\u017cenie Parkowe \/ Romantische Pa Rkanlage<\/li>\n<li>Heska Sukcesja \/\u00a0Die Hessische Erbfolge<\/li>\n<li>Koniec II Wojny \u015awiatowej i Madonna Hansa Holbeina \/\u00a0Das Ende Des Zweiten Weltkriegs und Madonna Von Hans Holbein<\/li>\n<li>Lata Powojenne i Wsp\u00f3\u0142czesne \/ Nachkriegszeit Und Gegenwart<\/li>\n<li>Bibliografia \/ Literat Urverzeichnis<\/li>\n<\/ul>\n","protected":false},"featured_media":4739,"template":"","meta":[],"authors":[131],"publishers":[132],"product_brand":[],"product_cat":[96],"product_tag":[],"class_list":{"0":"post-4738","1":"product","2":"type-product","3":"status-publish","4":"has-post-thumbnail","6":"authors-gaworski-marek","7":"publishers-matiang","8":"product_cat-ksiazki","9":"entry","10":"has-media","13":"first","14":"instock","15":"taxable","16":"shipping-taxable","17":"purchasable","18":"product-type-simple","19":"has-product-nav","20":"col","21":"span_1_of_4","22":"owp-content-center","23":"owp-thumbs-layout-horizontal","24":"owp-btn-normal","25":"owp-tabs-layout-horizontal","26":"has-no-thumbnails"},"_links":{"self":[{"href":"https:\/\/pwlibra.pl\/index.php\/wp-json\/wp\/v2\/product\/4738","targetHints":{"allow":["GET"]}}],"collection":[{"href":"https:\/\/pwlibra.pl\/index.php\/wp-json\/wp\/v2\/product"}],"about":[{"href":"https:\/\/pwlibra.pl\/index.php\/wp-json\/wp\/v2\/types\/product"}],"version-history":[{"count":1,"href":"https:\/\/pwlibra.pl\/index.php\/wp-json\/wp\/v2\/product\/4738\/revisions"}],"predecessor-version":[{"id":4740,"href":"https:\/\/pwlibra.pl\/index.php\/wp-json\/wp\/v2\/product\/4738\/revisions\/4740"}],"wp:featuredmedia":[{"embeddable":true,"href":"https:\/\/pwlibra.pl\/index.php\/wp-json\/wp\/v2\/media\/4739"}],"wp:attachment":[{"href":"https:\/\/pwlibra.pl\/index.php\/wp-json\/wp\/v2\/media?parent=4738"}],"wp:term":[{"taxonomy":"authors","embeddable":true,"href":"https:\/\/pwlibra.pl\/index.php\/wp-json\/wp\/v2\/authors?post=4738"},{"taxonomy":"publishers","embeddable":true,"href":"https:\/\/pwlibra.pl\/index.php\/wp-json\/wp\/v2\/publishers?post=4738"},{"taxonomy":"product_brand","embeddable":true,"href":"https:\/\/pwlibra.pl\/index.php\/wp-json\/wp\/v2\/product_brand?post=4738"},{"taxonomy":"product_cat","embeddable":true,"href":"https:\/\/pwlibra.pl\/index.php\/wp-json\/wp\/v2\/product_cat?post=4738"},{"taxonomy":"product_tag","embeddable":true,"href":"https:\/\/pwlibra.pl\/index.php\/wp-json\/wp\/v2\/product_tag?post=4738"}],"curies":[{"name":"wp","href":"https:\/\/api.w.org\/{rel}","templated":true}]}}