{"id":4730,"date":"2025-12-15T17:11:42","date_gmt":"2025-12-15T16:11:42","guid":{"rendered":"https:\/\/pwlibra.pl\/?post_type=product&#038;p=4730"},"modified":"2025-12-15T17:11:42","modified_gmt":"2025-12-15T16:11:42","slug":"przewodnik-po-zamkach-i-palacach-wojewodztwa-dolnoslaskiego","status":"publish","type":"product","link":"https:\/\/pwlibra.pl\/index.php\/produkt\/przewodnik-po-zamkach-i-palacach-wojewodztwa-dolnoslaskiego\/","title":{"rendered":"Przewodnik po zamkach i pa\u0142acach wojew\u00f3dztwa dolno\u015bl\u0105skiego"},"content":{"rendered":"<p>Ksi\u0105\u017cka<\/p>\n","protected":false},"excerpt":{"rendered":"<div class=\"woocommerce-product-details__short-description\">\n<p>W swojej ksi\u0105\u017cce Marek Gaworski zabiera nas w podr\u00f3\u017c po zamkach i pa\u0142acach wojew\u00f3dztwa dolno\u015bl\u0105skiego. To jedyne w swoim rodzaju opracowanie pozwala na poznanie licznych rezydencji, z kt\u00f3rych s\u0142ynie Dolny \u015al\u0105sk, a tak\u017ce Ziemia K\u0142odzka i wchodz\u0105ca w sk\u0142ad wojew\u00f3dztwa cz\u0119\u015b\u0107 \u0141u\u017cyc\u2026\u00a0Wydawnictwo (wydanie III) bogato ilustrowane, tak\u017ce \u015bwietnymi zdj\u0119ciami wykonanymi z lotu ptaka.<\/p>\n<\/div>\n<p>Przegl\u0105d obiekt\u00f3w z wojew\u00f3dztwa dolno\u015bl\u0105skiego wraz z kr\u00f3tkim opisem oraz map\u0105 z\u00a0zaznaczonymi miejscami. Znakomita publikacja dla tych, kt\u00f3rzy nie zag\u0142\u0119biaj\u0105c si\u0119 w histori\u0119 zamk\u00f3w, pragn\u0105 pozna\u0107 zak\u0105tki z urokliwymi rezydencjami.<\/p>\n<p>&nbsp;<\/p>\n<p>Gaworski Marek<\/p>\n","protected":false},"featured_media":4731,"template":"","meta":[],"authors":[131],"publishers":[132],"product_brand":[],"product_cat":[96],"product_tag":[],"class_list":{"0":"post-4730","1":"product","2":"type-product","3":"status-publish","4":"has-post-thumbnail","6":"authors-gaworski-marek","7":"publishers-matiang","8":"product_cat-ksiazki","9":"entry","10":"has-media","13":"first","14":"instock","15":"taxable","16":"shipping-taxable","17":"purchasable","18":"product-type-simple","19":"has-product-nav","20":"col","21":"span_1_of_4","22":"owp-content-center","23":"owp-thumbs-layout-horizontal","24":"owp-btn-normal","25":"owp-tabs-layout-horizontal","26":"has-no-thumbnails"},"_links":{"self":[{"href":"https:\/\/pwlibra.pl\/index.php\/wp-json\/wp\/v2\/product\/4730","targetHints":{"allow":["GET"]}}],"collection":[{"href":"https:\/\/pwlibra.pl\/index.php\/wp-json\/wp\/v2\/product"}],"about":[{"href":"https:\/\/pwlibra.pl\/index.php\/wp-json\/wp\/v2\/types\/product"}],"version-history":[{"count":1,"href":"https:\/\/pwlibra.pl\/index.php\/wp-json\/wp\/v2\/product\/4730\/revisions"}],"predecessor-version":[{"id":4732,"href":"https:\/\/pwlibra.pl\/index.php\/wp-json\/wp\/v2\/product\/4730\/revisions\/4732"}],"wp:featuredmedia":[{"embeddable":true,"href":"https:\/\/pwlibra.pl\/index.php\/wp-json\/wp\/v2\/media\/4731"}],"wp:attachment":[{"href":"https:\/\/pwlibra.pl\/index.php\/wp-json\/wp\/v2\/media?parent=4730"}],"wp:term":[{"taxonomy":"authors","embeddable":true,"href":"https:\/\/pwlibra.pl\/index.php\/wp-json\/wp\/v2\/authors?post=4730"},{"taxonomy":"publishers","embeddable":true,"href":"https:\/\/pwlibra.pl\/index.php\/wp-json\/wp\/v2\/publishers?post=4730"},{"taxonomy":"product_brand","embeddable":true,"href":"https:\/\/pwlibra.pl\/index.php\/wp-json\/wp\/v2\/product_brand?post=4730"},{"taxonomy":"product_cat","embeddable":true,"href":"https:\/\/pwlibra.pl\/index.php\/wp-json\/wp\/v2\/product_cat?post=4730"},{"taxonomy":"product_tag","embeddable":true,"href":"https:\/\/pwlibra.pl\/index.php\/wp-json\/wp\/v2\/product_tag?post=4730"}],"curies":[{"name":"wp","href":"https:\/\/api.w.org\/{rel}","templated":true}]}}