{"id":4706,"date":"2025-12-15T16:48:29","date_gmt":"2025-12-15T15:48:29","guid":{"rendered":"https:\/\/pwlibra.pl\/?post_type=product&#038;p=4706"},"modified":"2025-12-15T16:48:29","modified_gmt":"2025-12-15T15:48:29","slug":"szklarska-poreba-album","status":"publish","type":"product","link":"https:\/\/pwlibra.pl\/index.php\/produkt\/szklarska-poreba-album\/","title":{"rendered":"Szklarska Por\u0119ba \u2013 album"},"content":{"rendered":"<p>Ksi\u0105\u017cka<\/p>\n","protected":false},"excerpt":{"rendered":"<p>Szklarska Por\u0119ba ukryta pod \u015bniegiem, w jesiennej aurze i sk\u0105pana w wiosennej zieleni\u2026 Pe\u0142na szept\u00f3w dochodz\u0105cych z przesz\u0142o\u015bci, opowiadaj\u0105cych o tutejszych hutnikach szk\u0142a, poszukiwaczach wielkiej urody minera\u0142\u00f3w i kamieni szlachetnych, artystach, kt\u00f3rzy ju\u017c pod koniec XIX w. utworzyli tu koloni\u0119 artystyczn\u0105 o niepowtarzalnej atmosferze, o Duchu G\u00f3r, kt\u00f3ry niczym magiczne tchnienie przenika ca\u0142e miasto i jego okolice\u2026<\/p>\n<p>O takiej w\u0142a\u015bnie Szklarskiej Por\u0119bie opowiada \u00f3w album \u2013 absolutna \u201e\u015bwie\u017cynka\u201d na wydawniczym rynku.<\/p>\n<p>Urod\u0119 pi\u0119knych kolorowych zdj\u0119\u0107 i melancholijnych przedwojennych poczt\u00f3wek uzupe\u0142niaj\u0105 bardzo ciekawe opisy \u015bwietnego regionalisty dr. Przemys\u0142awa Wiatera.<\/p>\n<p>Serdecznie zapraszamy do lektury:)<\/p>\n","protected":false},"featured_media":4707,"template":"","meta":[],"authors":[156,157,158,159,146],"publishers":[160],"product_brand":[],"product_cat":[96],"product_tag":[],"class_list":{"0":"post-4706","1":"product","2":"type-product","3":"status-publish","4":"has-post-thumbnail","6":"authors-kaczmarski-piotr","7":"authors-koszela-daniel","8":"authors-pelisiak-radoslaw","9":"authors-trylanski-zygmunt","10":"authors-wiater-przemyslaw","11":"publishers-pw-libra","12":"product_cat-ksiazki","13":"entry","14":"has-media","17":"first","18":"instock","19":"taxable","20":"shipping-taxable","21":"purchasable","22":"product-type-simple","23":"has-product-nav","24":"col","25":"span_1_of_4","26":"owp-content-center","27":"owp-thumbs-layout-horizontal","28":"owp-btn-normal","29":"owp-tabs-layout-horizontal","30":"has-no-thumbnails"},"_links":{"self":[{"href":"https:\/\/pwlibra.pl\/index.php\/wp-json\/wp\/v2\/product\/4706","targetHints":{"allow":["GET"]}}],"collection":[{"href":"https:\/\/pwlibra.pl\/index.php\/wp-json\/wp\/v2\/product"}],"about":[{"href":"https:\/\/pwlibra.pl\/index.php\/wp-json\/wp\/v2\/types\/product"}],"version-history":[{"count":1,"href":"https:\/\/pwlibra.pl\/index.php\/wp-json\/wp\/v2\/product\/4706\/revisions"}],"predecessor-version":[{"id":4708,"href":"https:\/\/pwlibra.pl\/index.php\/wp-json\/wp\/v2\/product\/4706\/revisions\/4708"}],"wp:featuredmedia":[{"embeddable":true,"href":"https:\/\/pwlibra.pl\/index.php\/wp-json\/wp\/v2\/media\/4707"}],"wp:attachment":[{"href":"https:\/\/pwlibra.pl\/index.php\/wp-json\/wp\/v2\/media?parent=4706"}],"wp:term":[{"taxonomy":"authors","embeddable":true,"href":"https:\/\/pwlibra.pl\/index.php\/wp-json\/wp\/v2\/authors?post=4706"},{"taxonomy":"publishers","embeddable":true,"href":"https:\/\/pwlibra.pl\/index.php\/wp-json\/wp\/v2\/publishers?post=4706"},{"taxonomy":"product_brand","embeddable":true,"href":"https:\/\/pwlibra.pl\/index.php\/wp-json\/wp\/v2\/product_brand?post=4706"},{"taxonomy":"product_cat","embeddable":true,"href":"https:\/\/pwlibra.pl\/index.php\/wp-json\/wp\/v2\/product_cat?post=4706"},{"taxonomy":"product_tag","embeddable":true,"href":"https:\/\/pwlibra.pl\/index.php\/wp-json\/wp\/v2\/product_tag?post=4706"}],"curies":[{"name":"wp","href":"https:\/\/api.w.org\/{rel}","templated":true}]}}