{"id":4703,"date":"2025-12-15T16:43:05","date_gmt":"2025-12-15T15:43:05","guid":{"rendered":"https:\/\/pwlibra.pl\/?post_type=product&#038;p=4703"},"modified":"2025-12-15T16:45:18","modified_gmt":"2025-12-15T15:45:18","slug":"smierc-bale-i-skandale-cz-5-i-6","status":"publish","type":"product","link":"https:\/\/pwlibra.pl\/index.php\/produkt\/smierc-bale-i-skandale-cz-5-i-6\/","title":{"rendered":"\u015amier\u0107, bale i skandale (cz. 5 i 6)"},"content":{"rendered":"<p>Ksi\u0105\u017cka<\/p>\n","protected":false},"excerpt":{"rendered":"<p>O czym tym razem napisa\u0142 autor poczytnej serii \u201e\u015amier\u0107, bale i skandale\u201d?<\/p>\n<p>\u2026np. o romansach sakso\u0144skiego kr\u00f3la z pa\u0142acu Szczodre ko\u0142o Wroc\u0142awia, mezaliansie, kt\u00f3rego g\u0142\u00f3wn\u0105 bohaterk\u0105 by\u0142a znana g\u00f3rno\u015bl\u0105ska arystokratka, szczeg\u00f3\u0142ach nieszcz\u0119\u015bliwego \u017cycia Schaffgotsch\u00f3wny z Sulis\u0142awia i Kopic oraz o mi\u0142osnej historii niderlandzkiego kr\u00f3la \u2014 ojca Marianny Ora\u0144skiej z Kamie\u0144ca Z\u0105bkowickiego, kt\u00f3ry swoim zachowaniem pokaza\u0142 ukochanej c\u00f3rce, \u017ce w \u201emi\u0142o\u015bci wszystkie chwyty s\u0105 dozwolone\u201d. A ka\u017cdy, kto zna histori\u0119 niesfornej kr\u00f3lewny Marianny wie, jak zako\u0144czy\u0142o si\u0119 jej ma\u0142\u017ce\u0144stwo.<\/p>\n<p>Jednak nie samymi skandalami \u017cy\u0142 dawny \u015al\u0105sk. W naszym regionie mieszka\u0142o tak wiele znanych osobisto\u015bci, \u017ce osobna historia ka\u017cdej z nich z pewno\u015bci\u0105 zape\u0142ni\u0142aby o wiele wi\u0119cej stron ni\u017c te, kt\u00f3re zosta\u0142y im po\u015bwi\u0119cone w tej publikacji. Czy wiedzieli\u015bcie, \u017ce m\u0119\u017cczyzna, kt\u00f3ry wprowadzi\u0142 do szk\u00f3\u0142 egzamin maturalny, pochodzi\u0142 z Dolnego \u015al\u0105ska, a mieszkanka pewnego dworu na ziemi lubuskiej by\u0142a pierwowzorem bohaterki jednej z przyg\u00f3d M\u0142odego Indiany Jonesa? Czy znacie histori\u0119 pianisty z okolic Boles\u0142awca, kt\u00f3ry nale\u017ca\u0142 do grona najwybitniejszych postaci niemieckiej i rosyjskiej sceny muzycznej? A mo\u017ce wiedzieli\u015bcie, \u017ce bywa\u0142 u niego sam Hans Chrystian Andersen, kt\u00f3ry w pa\u0142acowym ogrodzie czyta\u0142 na g\u0142os swoje s\u0142ynne ba\u015bnie? Czy znacie histori\u0119 pilota s\u0142u\u017c\u0105cego podczas I wojny \u015bwiatowej, kt\u00f3ry by\u0142 r\u00f3wnie dobry w swoim fachu, jak \u201eCzerwony Baron\u201d ze \u015awidnicy? A mo\u017ce s\u0142yszeli\u015bcie o pewnym kawalerzy\u015bcie z opolskiej wsi, kt\u00f3ry \u2014 dla rozrywki \u2014 przeje\u017cd\u017ca\u0142 pomi\u0119dzy poruszaj\u0105cymi si\u0119 skrzyd\u0142ami m\u0142yna?<\/p>\n<p>Niezwyk\u0142\u0105 cz\u0119\u015bci\u0105 tej ksi\u0105\u017cki s\u0105 niepublikowane dot\u0105d wspomnienia \u015bl\u0105skich arystokrat\u00f3w, kt\u00f3rzy uciekali ze swojej ma\u0142ej ojczyzny przed nacieraj\u0105cymi oddzia\u0142ami Armii Czerwonej. R\u00f3wnie ciekawe s\u0105 listy i wspomnienia spisane przez nich po odbytych podr\u00f3\u017cach do Polski, w kt\u00f3re wyruszyli po zako\u0144czeniu II wojny \u015bwiatowej.<\/p>\n<p>&nbsp;<\/p>\n<p>Spis tre\u015bci:<\/p>\n<p>CHROBR\u00d3W Z Dolnego \u015al\u0105ska do Indiany Jonesa<br \/>\nCISZYCA\/KOWARY Mi\u0142o\u015b\u0107 bez happy endu<br \/>\nCZER\u0143CZYCE Tw\u00f3rca matur z Dolnego \u015al\u0105ska<br \/>\nCZERWIONKA-LESZCZYNY Kto kogo uwi\u00f3d\u0142?<br \/>\nCZERWONY KO\u015aCI\u00d3\u0141 \u015amier\u0107 w \u015bwi\u0105teczny poranek<br \/>\nGIERA\u0141T\u00d3W Niemiecki Chopin<br \/>\nGR\u0118BOSZ\u00d3W Skazany za poca\u0142unek<br \/>\nKALINOWICE Kr\u00f3lowie ziemniaka<br \/>\nKAMIE\u0143 Ach, jaka wielka mi\u0142o\u015b\u0107<br \/>\nKARPNIKI Ksi\u0105\u017c\u0119 skandalista<br \/>\nKARPNIKI Z mi\u0142o\u015bci do kwiat\u00f3w<br \/>\nKSI\u0104\u017b Biedna, ma\u0142a ksi\u0119\u017cniczka<br \/>\n\u0141UBIE\/KAD\u0141UB\/WIERZBIE\/STRZELCE OPOLSKIE Ucieczka ze \u015al\u0105ska<br \/>\nMINKOWSKIE Kawalerzysta i amant<br \/>\nNIEMODLIN-PROMNICE Ksi\u0105\u017c\u0119 koronny na \u015al\u0105sku<br \/>\nNIWNICE Jaki ojciec, taka c\u00f3rka<br \/>\nOLE\u015aNICA Skandaliczny romans ksi\u0119cia<br \/>\nPASTERZYCE Ofiara szalonej mi\u0142o\u015bci<br \/>\nPIOTROWICE Ambasador z podwroc\u0142awskiej wsi<br \/>\nPOMORZOWICE Z kraju kwitn\u0105cej wi\u015bni<br \/>\nROZTOKA Mi\u0142o\u015b\u0107 czy w\u0142adza?<br \/>\nSOWCZYCE \u015amier\u0107 z r\u0119ki Wilhelma Tella<br \/>\nS\u0141AWI\u0118CICE Wielkie osobisto\u015bci polskich kr\u00f3l\u00f3w<br \/>\nSICH\u00d3W Je\u015bli nie chcesz mojej zguby\u2026<br \/>\nSOBOTA Wybawca marsza\u0142ka Bl\u00fcchera<br \/>\nSTRZELCE OPOLSKIE Powojenna podr\u00f3\u017c hrabiego do Polski<br \/>\nSULIS\u0141AW Skazany przez nazist\u00f3w<br \/>\nSULIS\u0141AW Pi\u0119kna, lecz czy szcz\u0119\u015bliwa?<br \/>\nSZCZODRE Pierwszy romans XX wieku<br \/>\nSZYD\u0141OWIEC Chwil\u0119 od \u015bmierci\u2026<br \/>\nTWARDOG\u00d3RA Matka Twardog\u00f3ry<br \/>\nWAWRZE\u0143CZYCE Ambasador, kolekcjoner<br \/>\nWOJNOWO Dwie s\u0142abo\u015bci \u2013 kobiety\u2026 i pr\u0119dko\u015b\u0107<br \/>\nWROC\u0141AW \u015amier\u0107 najwi\u0119kszego z kolekcjoner\u00f3w<br \/>\nZEBRZYDOWA Niczym Czerwony Baron\u2026<br \/>\n\u017bMIGR\u00d3D Wspomnienia z Polski<br \/>\n\u017bYWIEC Bale u \u017cywieckich Habsburg\u00f3w<\/p>\n","protected":false},"featured_media":4704,"template":"","meta":[],"authors":[131],"publishers":[132],"product_brand":[],"product_cat":[96],"product_tag":[],"class_list":{"0":"post-4703","1":"product","2":"type-product","3":"status-publish","4":"has-post-thumbnail","6":"authors-gaworski-marek","7":"publishers-matiang","8":"product_cat-ksiazki","9":"entry","10":"has-media","13":"first","14":"instock","15":"taxable","16":"shipping-taxable","17":"purchasable","18":"product-type-simple","19":"has-product-nav","20":"col","21":"span_1_of_4","22":"owp-content-center","23":"owp-thumbs-layout-horizontal","24":"owp-btn-normal","25":"owp-tabs-layout-horizontal","26":"has-no-thumbnails"},"_links":{"self":[{"href":"https:\/\/pwlibra.pl\/index.php\/wp-json\/wp\/v2\/product\/4703","targetHints":{"allow":["GET"]}}],"collection":[{"href":"https:\/\/pwlibra.pl\/index.php\/wp-json\/wp\/v2\/product"}],"about":[{"href":"https:\/\/pwlibra.pl\/index.php\/wp-json\/wp\/v2\/types\/product"}],"version-history":[{"count":1,"href":"https:\/\/pwlibra.pl\/index.php\/wp-json\/wp\/v2\/product\/4703\/revisions"}],"predecessor-version":[{"id":4705,"href":"https:\/\/pwlibra.pl\/index.php\/wp-json\/wp\/v2\/product\/4703\/revisions\/4705"}],"wp:featuredmedia":[{"embeddable":true,"href":"https:\/\/pwlibra.pl\/index.php\/wp-json\/wp\/v2\/media\/4704"}],"wp:attachment":[{"href":"https:\/\/pwlibra.pl\/index.php\/wp-json\/wp\/v2\/media?parent=4703"}],"wp:term":[{"taxonomy":"authors","embeddable":true,"href":"https:\/\/pwlibra.pl\/index.php\/wp-json\/wp\/v2\/authors?post=4703"},{"taxonomy":"publishers","embeddable":true,"href":"https:\/\/pwlibra.pl\/index.php\/wp-json\/wp\/v2\/publishers?post=4703"},{"taxonomy":"product_brand","embeddable":true,"href":"https:\/\/pwlibra.pl\/index.php\/wp-json\/wp\/v2\/product_brand?post=4703"},{"taxonomy":"product_cat","embeddable":true,"href":"https:\/\/pwlibra.pl\/index.php\/wp-json\/wp\/v2\/product_cat?post=4703"},{"taxonomy":"product_tag","embeddable":true,"href":"https:\/\/pwlibra.pl\/index.php\/wp-json\/wp\/v2\/product_tag?post=4703"}],"curies":[{"name":"wp","href":"https:\/\/api.w.org\/{rel}","templated":true}]}}