{"id":4694,"date":"2025-12-15T16:36:29","date_gmt":"2025-12-15T15:36:29","guid":{"rendered":"https:\/\/pwlibra.pl\/?post_type=product&#038;p=4694"},"modified":"2025-12-15T16:36:29","modified_gmt":"2025-12-15T15:36:29","slug":"schroniska-turystyczne-karkonoszy-i-gor-izerskich-w-polsce-oraz-w-czechach","status":"publish","type":"product","link":"https:\/\/pwlibra.pl\/index.php\/produkt\/schroniska-turystyczne-karkonoszy-i-gor-izerskich-w-polsce-oraz-w-czechach\/","title":{"rendered":"Schroniska turystyczne Karkonoszy i G\u00f3r Izerskich w Polsce oraz w Czechach"},"content":{"rendered":"<p>Ksi\u0105\u017cka<\/p>\n","protected":false},"excerpt":{"rendered":"<p>Widoczny katalog obejmuj\u0119 schroniska g\u00f3rskie po\u0142o\u017cone w Karkonoszach i G\u00f3rach Izerskich, po obu stronach granicy. Ukazuj\u0119 kilkadziesi\u0105t schronisk i podobnych obiekt\u00f3w turystycznych, powsta\u0142ych najliczniej w pierwszej po\u0142owie XX w., chocia\u017c uwzgl\u0119dniono tak\u017ce obiekty wcze\u015bniejsze, ale r\u00f3wnie\u017c z czas\u00f3w wsp\u00f3\u0142czesnych. Obejmuje r\u00f3wnie\u017c oryginalne materia\u0142y archiwalne i biblioteczne, i tylko niekiedy ich powi\u0119kszone kopie z zasobu Archiwum Wroc\u0142awskiego, g\u0142\u00f3wnie Oddzia\u0142u w Jeleniej G\u00f3rze.<\/p>\n","protected":false},"featured_media":4695,"template":"","meta":[],"authors":[125],"publishers":[154,155],"product_brand":[],"product_cat":[96],"product_tag":[],"class_list":{"0":"post-4694","1":"product","2":"type-product","3":"status-publish","4":"has-post-thumbnail","6":"authors-laborewicz-ivo","7":"publishers-archiwum-panstwowe-we-wroclawiu","8":"publishers-naczelna-dyrekcja-archiwow-panstwowych","9":"product_cat-ksiazki","10":"entry","11":"has-media","14":"first","15":"instock","16":"taxable","17":"shipping-taxable","18":"purchasable","19":"product-type-simple","20":"has-product-nav","21":"col","22":"span_1_of_4","23":"owp-content-center","24":"owp-thumbs-layout-horizontal","25":"owp-btn-normal","26":"owp-tabs-layout-horizontal","27":"has-no-thumbnails"},"_links":{"self":[{"href":"https:\/\/pwlibra.pl\/index.php\/wp-json\/wp\/v2\/product\/4694","targetHints":{"allow":["GET"]}}],"collection":[{"href":"https:\/\/pwlibra.pl\/index.php\/wp-json\/wp\/v2\/product"}],"about":[{"href":"https:\/\/pwlibra.pl\/index.php\/wp-json\/wp\/v2\/types\/product"}],"version-history":[{"count":1,"href":"https:\/\/pwlibra.pl\/index.php\/wp-json\/wp\/v2\/product\/4694\/revisions"}],"predecessor-version":[{"id":4696,"href":"https:\/\/pwlibra.pl\/index.php\/wp-json\/wp\/v2\/product\/4694\/revisions\/4696"}],"wp:featuredmedia":[{"embeddable":true,"href":"https:\/\/pwlibra.pl\/index.php\/wp-json\/wp\/v2\/media\/4695"}],"wp:attachment":[{"href":"https:\/\/pwlibra.pl\/index.php\/wp-json\/wp\/v2\/media?parent=4694"}],"wp:term":[{"taxonomy":"authors","embeddable":true,"href":"https:\/\/pwlibra.pl\/index.php\/wp-json\/wp\/v2\/authors?post=4694"},{"taxonomy":"publishers","embeddable":true,"href":"https:\/\/pwlibra.pl\/index.php\/wp-json\/wp\/v2\/publishers?post=4694"},{"taxonomy":"product_brand","embeddable":true,"href":"https:\/\/pwlibra.pl\/index.php\/wp-json\/wp\/v2\/product_brand?post=4694"},{"taxonomy":"product_cat","embeddable":true,"href":"https:\/\/pwlibra.pl\/index.php\/wp-json\/wp\/v2\/product_cat?post=4694"},{"taxonomy":"product_tag","embeddable":true,"href":"https:\/\/pwlibra.pl\/index.php\/wp-json\/wp\/v2\/product_tag?post=4694"}],"curies":[{"name":"wp","href":"https:\/\/api.w.org\/{rel}","templated":true}]}}