{"id":4688,"date":"2025-12-15T16:28:08","date_gmt":"2025-12-15T15:28:08","guid":{"rendered":"https:\/\/pwlibra.pl\/?post_type=product&#038;p=4688"},"modified":"2025-12-15T16:32:02","modified_gmt":"2025-12-15T15:32:02","slug":"visitkarkonosze-regionalna-gra-planszowa","status":"publish","type":"product","link":"https:\/\/pwlibra.pl\/index.php\/produkt\/visitkarkonosze-regionalna-gra-planszowa\/","title":{"rendered":"VisitKarkonosze \u2013 regionalna gra planszowa"},"content":{"rendered":"<p>Regionalna gra planszowa<\/p>\n","protected":false},"excerpt":{"rendered":"<p>Kto by nie chcia\u0142 zebra\u0107 rozsypanych przez Ducha G\u00f3r klejnot\u00f3w?<\/p>\n<p>A kto chcia\u0142by je w\u0142adcy Karkonoszy, G\u00f3r Izerskich, Rudaw Janowickich, G\u00f3r Kaczawskich i Kotliny Jeleniog\u00f3rskiej zwr\u00f3ci\u0107?<\/p>\n<p>Oto jest pytanie, kt\u00f3re za ka\u017cdym razem, gdy uczestnicy gry VisitKarkonosze, a mo\u017ce by\u0107 ich nawet sze\u015bciu, nie raz musz\u0105 sobie zadawa\u0107. W\u0119druj\u0105c po planszy ukazuj\u0105cej najbardziej rozpoznawalne atrakcje kr\u00f3lestwa Ducha G\u00f3r, odpowiadaj\u0105 na szereg pyta\u0144, poznaj\u0105 ciekawostki, wykonuj\u0105 zadania \u2013 wszystkie kryj\u0105ce si\u0119 pod kodami QR. Dzi\u0119ki temu nabieraj\u0105 coraz wi\u0119kszego przekonania, \u017ce kraina Ducha G\u00f3r pe\u0142na jest ukrytych cud\u00f3w przyrody, architektury, kultury. A\u017c chcia\u0142oby si\u0119 je wszystkie schowa\u0107 do plecaka i zatrzyma\u0107 dla siebie. Tymczasem liczba oczek z rzutu kostk\u0105 uprawnia do zebrania tylko tej samej liczby klejnot\u00f3w, do tego ruch po planszy mo\u017ce sprawi\u0107, \u017ce b\u0119dziemy musieli je odda\u0107 albo nam ich przyb\u0119dzie. Karty Ducha G\u00f3r nie k\u0142ami\u0105 i to one powiedz\u0105, co mamy zrobi\u0107. Chyba \u017ce\u2026 ustalimy w\u0142asne zasady, np. wygrywa ten, kt\u00f3ry zbierze najmniej klejnot\u00f3w, a wi\u0119c najwi\u0119cej zostawi ich Duchowi G\u00f3r? A mo\u017ce to nie my zbierajmy klejnoty, lecz niechaj one zbieraj\u0105 nas? Niech poniesie nas wyobra\u017ania, zw\u0142aszcza \u017ce wygran\u0105 jest ju\u017c samo uczestnictwo w grze, wsp\u00f3lny czas z bliskimi.<\/p>\n<p data-removefontsize=\"true\" data-originalcomputedfontsize=\"16\">Pomys\u0142odawc\u0105 gry jest Porozumienie Gmin Powiatu Karkonoskiego. Opracowana przez zesp\u00f3\u0142 pracownik\u00f3w ds. promocji i turystyki miast i gmin z powiatu. Bajkow\u0105 grafik\u0119 wykona\u0142a Matylda Konecka, a Wydawnictwo Ad Rem z Jeleniej G\u00f3ry jest producentem i wy\u0142\u0105cznym dystrybutorem gry.<\/p>\n","protected":false},"featured_media":4689,"template":"","meta":[],"authors":[],"publishers":[113],"product_brand":[],"product_cat":[15],"product_tag":[],"class_list":{"0":"post-4688","1":"product","2":"type-product","3":"status-publish","4":"has-post-thumbnail","6":"publishers-wydawnictwo-ad-rem","7":"product_cat-bez-kategorii","8":"entry","9":"has-media","12":"first","13":"instock","14":"taxable","15":"shipping-taxable","16":"purchasable","17":"product-type-simple","18":"has-product-nav","19":"col","20":"span_1_of_4","21":"owp-content-center","22":"owp-thumbs-layout-horizontal","23":"owp-btn-normal","24":"owp-tabs-layout-horizontal","25":"has-no-thumbnails"},"_links":{"self":[{"href":"https:\/\/pwlibra.pl\/index.php\/wp-json\/wp\/v2\/product\/4688","targetHints":{"allow":["GET"]}}],"collection":[{"href":"https:\/\/pwlibra.pl\/index.php\/wp-json\/wp\/v2\/product"}],"about":[{"href":"https:\/\/pwlibra.pl\/index.php\/wp-json\/wp\/v2\/types\/product"}],"version-history":[{"count":1,"href":"https:\/\/pwlibra.pl\/index.php\/wp-json\/wp\/v2\/product\/4688\/revisions"}],"predecessor-version":[{"id":4690,"href":"https:\/\/pwlibra.pl\/index.php\/wp-json\/wp\/v2\/product\/4688\/revisions\/4690"}],"wp:featuredmedia":[{"embeddable":true,"href":"https:\/\/pwlibra.pl\/index.php\/wp-json\/wp\/v2\/media\/4689"}],"wp:attachment":[{"href":"https:\/\/pwlibra.pl\/index.php\/wp-json\/wp\/v2\/media?parent=4688"}],"wp:term":[{"taxonomy":"authors","embeddable":true,"href":"https:\/\/pwlibra.pl\/index.php\/wp-json\/wp\/v2\/authors?post=4688"},{"taxonomy":"publishers","embeddable":true,"href":"https:\/\/pwlibra.pl\/index.php\/wp-json\/wp\/v2\/publishers?post=4688"},{"taxonomy":"product_brand","embeddable":true,"href":"https:\/\/pwlibra.pl\/index.php\/wp-json\/wp\/v2\/product_brand?post=4688"},{"taxonomy":"product_cat","embeddable":true,"href":"https:\/\/pwlibra.pl\/index.php\/wp-json\/wp\/v2\/product_cat?post=4688"},{"taxonomy":"product_tag","embeddable":true,"href":"https:\/\/pwlibra.pl\/index.php\/wp-json\/wp\/v2\/product_tag?post=4688"}],"curies":[{"name":"wp","href":"https:\/\/api.w.org\/{rel}","templated":true}]}}