{"id":4679,"date":"2025-12-15T16:18:46","date_gmt":"2025-12-15T15:18:46","guid":{"rendered":"https:\/\/pwlibra.pl\/?post_type=product&#038;p=4679"},"modified":"2025-12-15T16:18:46","modified_gmt":"2025-12-15T15:18:46","slug":"szklarska-poreba-monografia-historyczna","status":"publish","type":"product","link":"https:\/\/pwlibra.pl\/index.php\/produkt\/szklarska-poreba-monografia-historyczna\/","title":{"rendered":"Szklarska Por\u0119ba. Monografia historyczna"},"content":{"rendered":"<p>ksi\u0105\u017cka<\/p>\n","protected":false},"excerpt":{"rendered":"<p>Ju\u017c w \u015bredniowieczu powsta\u0142y tutaj huty szk\u0142a produkuj\u0105ce w oparciu o bogate z\u0142o\u017ca kwarcu. Od ko\u0144ca XIX w. Szklarska Por\u0119ba z osady drwali, hutnik\u00f3w i zdobnik\u00f3w szk\u0142a przekszta\u0142ca\u0142a si\u0119 w najwi\u0119kszy z sudeckich o\u015brodk\u00f3w turystyczno-wypoczynkowych, a tak\u017ce sta\u0142a si\u0119 swego rodzaju fenomenem kulturowym \u2013 koloni\u0105 artyst\u00f3w.<\/p>\n","protected":false},"featured_media":4680,"template":"","meta":[],"authors":[125,146],"publishers":[153],"product_brand":[],"product_cat":[96],"product_tag":[],"class_list":{"0":"post-4679","1":"product","2":"type-product","3":"status-publish","4":"has-post-thumbnail","6":"authors-laborewicz-ivo","7":"authors-wiater-przemyslaw","8":"publishers-zwiazek-gmin-karkonoskich","9":"product_cat-ksiazki","10":"entry","11":"has-media","14":"first","15":"instock","16":"taxable","17":"shipping-taxable","18":"purchasable","19":"product-type-simple","20":"has-product-nav","21":"col","22":"span_1_of_4","23":"owp-content-center","24":"owp-thumbs-layout-horizontal","25":"owp-btn-normal","26":"owp-tabs-layout-horizontal","27":"has-no-thumbnails"},"_links":{"self":[{"href":"https:\/\/pwlibra.pl\/index.php\/wp-json\/wp\/v2\/product\/4679","targetHints":{"allow":["GET"]}}],"collection":[{"href":"https:\/\/pwlibra.pl\/index.php\/wp-json\/wp\/v2\/product"}],"about":[{"href":"https:\/\/pwlibra.pl\/index.php\/wp-json\/wp\/v2\/types\/product"}],"version-history":[{"count":1,"href":"https:\/\/pwlibra.pl\/index.php\/wp-json\/wp\/v2\/product\/4679\/revisions"}],"predecessor-version":[{"id":4681,"href":"https:\/\/pwlibra.pl\/index.php\/wp-json\/wp\/v2\/product\/4679\/revisions\/4681"}],"wp:featuredmedia":[{"embeddable":true,"href":"https:\/\/pwlibra.pl\/index.php\/wp-json\/wp\/v2\/media\/4680"}],"wp:attachment":[{"href":"https:\/\/pwlibra.pl\/index.php\/wp-json\/wp\/v2\/media?parent=4679"}],"wp:term":[{"taxonomy":"authors","embeddable":true,"href":"https:\/\/pwlibra.pl\/index.php\/wp-json\/wp\/v2\/authors?post=4679"},{"taxonomy":"publishers","embeddable":true,"href":"https:\/\/pwlibra.pl\/index.php\/wp-json\/wp\/v2\/publishers?post=4679"},{"taxonomy":"product_brand","embeddable":true,"href":"https:\/\/pwlibra.pl\/index.php\/wp-json\/wp\/v2\/product_brand?post=4679"},{"taxonomy":"product_cat","embeddable":true,"href":"https:\/\/pwlibra.pl\/index.php\/wp-json\/wp\/v2\/product_cat?post=4679"},{"taxonomy":"product_tag","embeddable":true,"href":"https:\/\/pwlibra.pl\/index.php\/wp-json\/wp\/v2\/product_tag?post=4679"}],"curies":[{"name":"wp","href":"https:\/\/api.w.org\/{rel}","templated":true}]}}