{"id":4668,"date":"2025-12-15T15:47:43","date_gmt":"2025-12-15T14:47:43","guid":{"rendered":"https:\/\/pwlibra.pl\/?post_type=product&#038;p=4668"},"modified":"2025-12-15T15:47:43","modified_gmt":"2025-12-15T14:47:43","slug":"legendy-o-duchu-gor","status":"publish","type":"product","link":"https:\/\/pwlibra.pl\/index.php\/produkt\/legendy-o-duchu-gor\/","title":{"rendered":"Legendy o Duchu G\u00f3r"},"content":{"rendered":"<p>ksi\u0105\u017cka<\/p>\n","protected":false},"excerpt":{"rendered":"<p>Zbi\u00f3r dziewi\u0119ciu legend o Duchu G\u00f3r, napisanych dla najm\u0142odszych Czytelnik\u00f3w, pi\u0119knie ilustrowanych, zapisanych du\u017cymi literkami.<\/p>\n<p>Zbiorek wydany tak\u017ce w wersji niemieckiej (R\u00fcbezahlsagen) i\u00a0angielskiej (Legends of he Karkonosze Mountain Spirit).<\/p>\n","protected":false},"featured_media":4669,"template":"","meta":[],"authors":[140],"publishers":[113],"product_brand":[],"product_cat":[96],"product_tag":[],"class_list":{"0":"post-4668","1":"product","2":"type-product","3":"status-publish","4":"has-post-thumbnail","6":"authors-jaskolska-sandra","7":"publishers-wydawnictwo-ad-rem","8":"product_cat-ksiazki","9":"entry","10":"has-media","13":"first","14":"instock","15":"taxable","16":"shipping-taxable","17":"purchasable","18":"product-type-simple","19":"has-product-nav","20":"col","21":"span_1_of_4","22":"owp-content-center","23":"owp-thumbs-layout-horizontal","24":"owp-btn-normal","25":"owp-tabs-layout-horizontal","26":"has-no-thumbnails"},"_links":{"self":[{"href":"https:\/\/pwlibra.pl\/index.php\/wp-json\/wp\/v2\/product\/4668","targetHints":{"allow":["GET"]}}],"collection":[{"href":"https:\/\/pwlibra.pl\/index.php\/wp-json\/wp\/v2\/product"}],"about":[{"href":"https:\/\/pwlibra.pl\/index.php\/wp-json\/wp\/v2\/types\/product"}],"version-history":[{"count":1,"href":"https:\/\/pwlibra.pl\/index.php\/wp-json\/wp\/v2\/product\/4668\/revisions"}],"predecessor-version":[{"id":4670,"href":"https:\/\/pwlibra.pl\/index.php\/wp-json\/wp\/v2\/product\/4668\/revisions\/4670"}],"wp:featuredmedia":[{"embeddable":true,"href":"https:\/\/pwlibra.pl\/index.php\/wp-json\/wp\/v2\/media\/4669"}],"wp:attachment":[{"href":"https:\/\/pwlibra.pl\/index.php\/wp-json\/wp\/v2\/media?parent=4668"}],"wp:term":[{"taxonomy":"authors","embeddable":true,"href":"https:\/\/pwlibra.pl\/index.php\/wp-json\/wp\/v2\/authors?post=4668"},{"taxonomy":"publishers","embeddable":true,"href":"https:\/\/pwlibra.pl\/index.php\/wp-json\/wp\/v2\/publishers?post=4668"},{"taxonomy":"product_brand","embeddable":true,"href":"https:\/\/pwlibra.pl\/index.php\/wp-json\/wp\/v2\/product_brand?post=4668"},{"taxonomy":"product_cat","embeddable":true,"href":"https:\/\/pwlibra.pl\/index.php\/wp-json\/wp\/v2\/product_cat?post=4668"},{"taxonomy":"product_tag","embeddable":true,"href":"https:\/\/pwlibra.pl\/index.php\/wp-json\/wp\/v2\/product_tag?post=4668"}],"curies":[{"name":"wp","href":"https:\/\/api.w.org\/{rel}","templated":true}]}}