{"id":4655,"date":"2025-12-15T15:33:53","date_gmt":"2025-12-15T14:33:53","guid":{"rendered":"https:\/\/pwlibra.pl\/?post_type=product&#038;p=4655"},"modified":"2025-12-15T15:33:53","modified_gmt":"2025-12-15T14:33:53","slug":"laboranci-u-ducha-gor-dawne-ziololecznictwo-w-karkonoszach-i-gorach-izerskich","status":"publish","type":"product","link":"https:\/\/pwlibra.pl\/index.php\/produkt\/laboranci-u-ducha-gor-dawne-ziololecznictwo-w-karkonoszach-i-gorach-izerskich\/","title":{"rendered":"Laboranci u Ducha G\u00f3r. Dawne zio\u0142olecznictwo w Karkonoszach i G\u00f3rach Izerskich"},"content":{"rendered":"<p>ksi\u0105\u017cka<\/p>\n","protected":false},"excerpt":{"rendered":"<div class=\"woocommerce-product-details__short-description\">\n<p>Ogr\u00f3d Ducha G\u00f3r od stuleci rozbudza\u0142 wyobra\u017ani\u0119 mieszka\u0144c\u00f3w G\u00f3r Olbrzymich. \u015awiadcz\u0105 o tym lokalne tradycje laboranckie, kt\u00f3rych bogactwa m\u00f3g\u0142by pozazdro\u015bci\u0107 niejeden \u015bwiata zak\u0105tek. Olejki i balsamy, ma\u015bci i napary stanowi\u0142y tutejsze \u201ez\u0142oto\u201d, kt\u00f3rym handlowano z dalekimi krajami. Profesjonalnej zielarskiej wiedzy nierzadko towarzyszy\u0142a magia i szereg ludowych przekona\u0144, w kt\u00f3rych Duch G\u00f3r odgrywa\u0142 niebagateln\u0105 rol\u0119.<\/p>\n<p>Ksi\u0105\u017ck\u0119 wzbogacaj\u0105 liczne kolorowe ilustracje oraz t\u0142umaczenia dawnych przepis\u00f3w laboranckich, autorstwa Andrzeja Paczosa.<\/p>\n<\/div>\n<p>Zio\u0142a i ich lecznicze wykorzystanie to temat coraz g\u0142o\u015bniej dyskutowany. A zielarskie, czyli laboranckie tradycje Karkonoszy i G\u00f3r Izerskich, mimo \u017ce niegdy\u015b tak rozs\u0142awiaj\u0105ce nasze g\u00f3ry, wci\u0105\u017c pozostaj\u0105 nieco w ukryciu.<\/p>\n<p>Naprzeciw zainteresowaniu nimi wychodzi publikacja <strong><em>Laboranci u Ducha G\u00f3r. <\/em><\/strong>Stanowi ona poniek\u0105d kontynuacj\u0119 odkrywania tradycji kulturowych regionu, kt\u00f3rymi Autor zaj\u0105\u0142 si\u0119 w wydanej kilka lat temu ksi\u0105\u017cce <em>Walonowie u Ducha G\u00f3r<\/em>.<\/p>\n<p>Przemys\u0142aw Wiater ods\u0142ania przed Czytelnikiem tajemnice pochodzenia, w\u0142a\u015bciwo\u015bci oraz u\u017cytkowania zi\u00f3\u0142 wyst\u0119puj\u0105cych w naszych g\u00f3rach. Prezentuje je przy tym w szerokim kontek\u015bcie kulturowym i historycznym, skupiaj\u0105c si\u0119 tak\u017ce na ludowych przekonaniach dawnych mieszka\u0144c\u00f3w G\u00f3r Olbrzymich, czy podaj\u0105c dawne przepisy na zio\u0142owe medykamenty.<\/p>\n<p>Informacje zawarte w ksi\u0105\u017cce czasem wzbudzaj\u0105 zdziwienie, czasem podziw, czasem u\u015bmiech, gdy dowiadujemy si\u0119 o wierzeniach na temat magiczno\u015bci niekt\u00f3rych lekarstw czy ich poszczeg\u00f3lnych sk\u0142adnik\u00f3w. Pami\u0119tajmy jednak, \u017ce wszystko dzieje si\u0119 w Krainie Ducha G\u00f3r, w kt\u00f3rej cuda s\u0105 przecie\u017c mo\u017cliwe\u2026<\/p>\n<p>Ksi\u0105\u017cka ma charakter popularnonaukowy, napisana jest jednak z pasj\u0105, j\u0119zykiem lekkim i zrozumia\u0142ym tak\u017ce dla Czytelnika nieczuj\u0105cego si\u0119 specjalist\u0105 w temacie. Zawiera r\u00f3wnie\u017c kolorowe ilustracje, ukazuj\u0105ce poszczeg\u00f3lne ro\u015bliny lecznicze, miejsca ich wyst\u0119powania czy przedmioty u\u017cywane do wyrobu zio\u0142owych lekarstw. Po jej lekturze, spacer po karkonoskiej \u0142\u0105ce ju\u017c nigdy nie b\u0119dzie taki sam.<\/p>\n","protected":false},"featured_media":4656,"template":"","meta":[],"authors":[146],"publishers":[113],"product_brand":[],"product_cat":[96],"product_tag":[],"class_list":{"0":"post-4655","1":"product","2":"type-product","3":"status-publish","4":"has-post-thumbnail","6":"authors-wiater-przemyslaw","7":"publishers-wydawnictwo-ad-rem","8":"product_cat-ksiazki","9":"entry","10":"has-media","13":"first","14":"instock","15":"taxable","16":"shipping-taxable","17":"purchasable","18":"product-type-simple","19":"has-product-nav","20":"col","21":"span_1_of_4","22":"owp-content-center","23":"owp-thumbs-layout-horizontal","24":"owp-btn-normal","25":"owp-tabs-layout-horizontal","26":"has-no-thumbnails"},"_links":{"self":[{"href":"https:\/\/pwlibra.pl\/index.php\/wp-json\/wp\/v2\/product\/4655","targetHints":{"allow":["GET"]}}],"collection":[{"href":"https:\/\/pwlibra.pl\/index.php\/wp-json\/wp\/v2\/product"}],"about":[{"href":"https:\/\/pwlibra.pl\/index.php\/wp-json\/wp\/v2\/types\/product"}],"version-history":[{"count":1,"href":"https:\/\/pwlibra.pl\/index.php\/wp-json\/wp\/v2\/product\/4655\/revisions"}],"predecessor-version":[{"id":4657,"href":"https:\/\/pwlibra.pl\/index.php\/wp-json\/wp\/v2\/product\/4655\/revisions\/4657"}],"wp:featuredmedia":[{"embeddable":true,"href":"https:\/\/pwlibra.pl\/index.php\/wp-json\/wp\/v2\/media\/4656"}],"wp:attachment":[{"href":"https:\/\/pwlibra.pl\/index.php\/wp-json\/wp\/v2\/media?parent=4655"}],"wp:term":[{"taxonomy":"authors","embeddable":true,"href":"https:\/\/pwlibra.pl\/index.php\/wp-json\/wp\/v2\/authors?post=4655"},{"taxonomy":"publishers","embeddable":true,"href":"https:\/\/pwlibra.pl\/index.php\/wp-json\/wp\/v2\/publishers?post=4655"},{"taxonomy":"product_brand","embeddable":true,"href":"https:\/\/pwlibra.pl\/index.php\/wp-json\/wp\/v2\/product_brand?post=4655"},{"taxonomy":"product_cat","embeddable":true,"href":"https:\/\/pwlibra.pl\/index.php\/wp-json\/wp\/v2\/product_cat?post=4655"},{"taxonomy":"product_tag","embeddable":true,"href":"https:\/\/pwlibra.pl\/index.php\/wp-json\/wp\/v2\/product_tag?post=4655"}],"curies":[{"name":"wp","href":"https:\/\/api.w.org\/{rel}","templated":true}]}}