{"id":4652,"date":"2025-12-15T15:30:46","date_gmt":"2025-12-15T14:30:46","guid":{"rendered":"https:\/\/pwlibra.pl\/?post_type=product&#038;p=4652"},"modified":"2025-12-15T15:30:46","modified_gmt":"2025-12-15T14:30:46","slug":"kuchnia-ducha-gor","status":"publish","type":"product","link":"https:\/\/pwlibra.pl\/index.php\/produkt\/kuchnia-ducha-gor\/","title":{"rendered":"Kuchnia Ducha G\u00f3r"},"content":{"rendered":"<p>ksi\u0105\u017cka<\/p>\n","protected":false},"excerpt":{"rendered":"<p>G\u00d3RY OLBRZYMIE, gdy\u017c tak\u0105 w\u0142a\u015bnie nazw\u0119 nosi\u0142y Karkonosze i G\u00f3ry Izerskie do pocz\u0105tk\u00f3w XIX wieku traktowane jako jedno pasmo, maj\u0105 w sobie co\u015b z bigosu. Wszystko jest w nich wymieszane: wp\u0142ywy gospodarcze, kulturowe i polityczne \u2013 dzi\u015b po \u015bl\u0105skiej stronie polskie, a niegdy\u015b: czeskie, piastowskie, znowu czeskie, austriackie, pruskie i niemieckie. Karkonosze i G\u00f3ry Izerskie stanowi\u0105 ostoj\u0119 Ducha G\u00f3r, gdzie jawa miesza si\u0119 ze snem, a rzeczywisto\u015b\u0107 z ba\u015bni\u0105. S\u0105 jednym z najp\u00f3\u017aniej poznanych europejskich region\u00f3w. Tajemnicze i poci\u0105gaj\u0105ce. Aromatyczne jak d\u0142ugo warzony bigos.<\/p>\n<p>Odzwierciedleniem ich popl\u0105tanych dziej\u00f3w jest regionalna kuchnia legendarnego w\u0142adcy tej krainy \u2013 Ducha G\u00f3r.<\/p>\n<p><em>Przemys\u0142aw Wiater<\/em><\/p>\n","protected":false},"featured_media":4653,"template":"","meta":[],"authors":[144,145,146],"publishers":[113],"product_brand":[],"product_cat":[96],"product_tag":[],"class_list":{"0":"post-4652","1":"product","2":"type-product","3":"status-publish","4":"has-post-thumbnail","6":"authors-gryszel-piotr","7":"authors-mendyk-emil","8":"authors-wiater-przemyslaw","9":"publishers-wydawnictwo-ad-rem","10":"product_cat-ksiazki","11":"entry","12":"has-media","15":"first","16":"instock","17":"taxable","18":"shipping-taxable","19":"purchasable","20":"product-type-simple","21":"has-product-nav","22":"col","23":"span_1_of_4","24":"owp-content-center","25":"owp-thumbs-layout-horizontal","26":"owp-btn-normal","27":"owp-tabs-layout-horizontal","28":"has-no-thumbnails"},"_links":{"self":[{"href":"https:\/\/pwlibra.pl\/index.php\/wp-json\/wp\/v2\/product\/4652","targetHints":{"allow":["GET"]}}],"collection":[{"href":"https:\/\/pwlibra.pl\/index.php\/wp-json\/wp\/v2\/product"}],"about":[{"href":"https:\/\/pwlibra.pl\/index.php\/wp-json\/wp\/v2\/types\/product"}],"version-history":[{"count":1,"href":"https:\/\/pwlibra.pl\/index.php\/wp-json\/wp\/v2\/product\/4652\/revisions"}],"predecessor-version":[{"id":4654,"href":"https:\/\/pwlibra.pl\/index.php\/wp-json\/wp\/v2\/product\/4652\/revisions\/4654"}],"wp:featuredmedia":[{"embeddable":true,"href":"https:\/\/pwlibra.pl\/index.php\/wp-json\/wp\/v2\/media\/4653"}],"wp:attachment":[{"href":"https:\/\/pwlibra.pl\/index.php\/wp-json\/wp\/v2\/media?parent=4652"}],"wp:term":[{"taxonomy":"authors","embeddable":true,"href":"https:\/\/pwlibra.pl\/index.php\/wp-json\/wp\/v2\/authors?post=4652"},{"taxonomy":"publishers","embeddable":true,"href":"https:\/\/pwlibra.pl\/index.php\/wp-json\/wp\/v2\/publishers?post=4652"},{"taxonomy":"product_brand","embeddable":true,"href":"https:\/\/pwlibra.pl\/index.php\/wp-json\/wp\/v2\/product_brand?post=4652"},{"taxonomy":"product_cat","embeddable":true,"href":"https:\/\/pwlibra.pl\/index.php\/wp-json\/wp\/v2\/product_cat?post=4652"},{"taxonomy":"product_tag","embeddable":true,"href":"https:\/\/pwlibra.pl\/index.php\/wp-json\/wp\/v2\/product_tag?post=4652"}],"curies":[{"name":"wp","href":"https:\/\/api.w.org\/{rel}","templated":true}]}}