{"id":4640,"date":"2025-12-15T15:10:06","date_gmt":"2025-12-15T14:10:06","guid":{"rendered":"https:\/\/pwlibra.pl\/?post_type=product&#038;p=4640"},"modified":"2025-12-15T15:10:06","modified_gmt":"2025-12-15T14:10:06","slug":"karkonoskie-tajemnice-czyli-o-duchu-gor-wiesci-zaslyszane","status":"publish","type":"product","link":"https:\/\/pwlibra.pl\/index.php\/produkt\/karkonoskie-tajemnice-czyli-o-duchu-gor-wiesci-zaslyszane\/","title":{"rendered":"Karkonoskie Tajemnice, czyli o Duchu G\u00f3r wie\u015bci zas\u0142yszane"},"content":{"rendered":"<p>ksi\u0105\u017cka<\/p>\n","protected":false},"excerpt":{"rendered":"<div class=\"woocommerce-product-details__short-description\">\n<p>To nie wiesz o tym? Nie s\u0142ysza\u0142e\u015b? <em>Karkonoskie Tajemnice<\/em>, czyli\u2026 o tym i owym, co z Duchem G\u00f3r jest zwi\u0105zane.<\/p>\n<\/div>\n<p>To nie wiesz o tym? Nie s\u0142ysza\u0142e\u015b?<em> Karkonoskie Tajemnice<\/em>, czyli\u2026 o tym i owym, co z Duchem G\u00f3r jest zwi\u0105zane. Jak zgubi\u0142 sw\u00f3j kostur, jak w Kotle \u0141omniczki pojedynkowa\u0142 si\u0119 z Bab\u0105 Jagodow\u0105, jak przerazi\u0142 hutnika, jak ocali\u0142 rybiego kr\u00f3la, kim by\u0142 dla zielarzy poszukuj\u0105cych w Karkonoszach magicznych zi\u00f3\u0142\u2026<br \/>\nLegendy zas\u0142yszane, opowiedziane, pi\u0119knie zilustrowane i apetycznie wydane\u2026.<br \/>\nSpisa\u0142a Katarzyna Paczy\u0144ska, ilustracjami opatrzy\u0142 Jacek \u201eBrzozo\u201d Kuziemski, wyda\u0142o Wydawnictwo Ad Rem.<br \/>\nZapraszamy do lektury, uraduj\u0105 si\u0119 G\u00f3ry\u2026<\/p>\n","protected":false},"featured_media":4641,"template":"","meta":[],"authors":[141],"publishers":[113],"product_brand":[],"product_cat":[96],"product_tag":[],"class_list":{"0":"post-4640","1":"product","2":"type-product","3":"status-publish","4":"has-post-thumbnail","6":"authors-paczynska-katarzyna","7":"publishers-wydawnictwo-ad-rem","8":"product_cat-ksiazki","9":"entry","10":"has-media","13":"first","14":"instock","15":"taxable","16":"shipping-taxable","17":"purchasable","18":"product-type-simple","19":"has-product-nav","20":"col","21":"span_1_of_4","22":"owp-content-center","23":"owp-thumbs-layout-horizontal","24":"owp-btn-normal","25":"owp-tabs-layout-horizontal","26":"has-no-thumbnails"},"_links":{"self":[{"href":"https:\/\/pwlibra.pl\/index.php\/wp-json\/wp\/v2\/product\/4640","targetHints":{"allow":["GET"]}}],"collection":[{"href":"https:\/\/pwlibra.pl\/index.php\/wp-json\/wp\/v2\/product"}],"about":[{"href":"https:\/\/pwlibra.pl\/index.php\/wp-json\/wp\/v2\/types\/product"}],"version-history":[{"count":1,"href":"https:\/\/pwlibra.pl\/index.php\/wp-json\/wp\/v2\/product\/4640\/revisions"}],"predecessor-version":[{"id":4642,"href":"https:\/\/pwlibra.pl\/index.php\/wp-json\/wp\/v2\/product\/4640\/revisions\/4642"}],"wp:featuredmedia":[{"embeddable":true,"href":"https:\/\/pwlibra.pl\/index.php\/wp-json\/wp\/v2\/media\/4641"}],"wp:attachment":[{"href":"https:\/\/pwlibra.pl\/index.php\/wp-json\/wp\/v2\/media?parent=4640"}],"wp:term":[{"taxonomy":"authors","embeddable":true,"href":"https:\/\/pwlibra.pl\/index.php\/wp-json\/wp\/v2\/authors?post=4640"},{"taxonomy":"publishers","embeddable":true,"href":"https:\/\/pwlibra.pl\/index.php\/wp-json\/wp\/v2\/publishers?post=4640"},{"taxonomy":"product_brand","embeddable":true,"href":"https:\/\/pwlibra.pl\/index.php\/wp-json\/wp\/v2\/product_brand?post=4640"},{"taxonomy":"product_cat","embeddable":true,"href":"https:\/\/pwlibra.pl\/index.php\/wp-json\/wp\/v2\/product_cat?post=4640"},{"taxonomy":"product_tag","embeddable":true,"href":"https:\/\/pwlibra.pl\/index.php\/wp-json\/wp\/v2\/product_tag?post=4640"}],"curies":[{"name":"wp","href":"https:\/\/api.w.org\/{rel}","templated":true}]}}