{"id":4637,"date":"2025-12-15T15:06:45","date_gmt":"2025-12-15T14:06:45","guid":{"rendered":"https:\/\/pwlibra.pl\/?post_type=product&#038;p=4637"},"modified":"2025-12-15T15:06:45","modified_gmt":"2025-12-15T14:06:45","slug":"karkonoskie-kolorowanki-zamki-i-palace-w-kotlinie-jeleniogorskiej","status":"publish","type":"product","link":"https:\/\/pwlibra.pl\/index.php\/produkt\/karkonoskie-kolorowanki-zamki-i-palace-w-kotlinie-jeleniogorskiej\/","title":{"rendered":"Karkonoskie kolorowanki. Zamki i Pa\u0142ace w Kotlinie Jeleniog\u00f3rskiej"},"content":{"rendered":"<p>kolorowanka<\/p>\n","protected":false},"excerpt":{"rendered":"<p>Rysunki najpi\u0119kniejszych zabytk\u00f3w Doliny Pa\u0142ac\u00f3w i Ogrod\u00f3w Kotliny Jeleniog\u00f3rskiej i ciekawostki dla najm\u0142odszych<\/p>\n","protected":false},"featured_media":4638,"template":"","meta":[],"authors":[],"publishers":[113],"product_brand":[],"product_cat":[96],"product_tag":[],"class_list":{"0":"post-4637","1":"product","2":"type-product","3":"status-publish","4":"has-post-thumbnail","6":"publishers-wydawnictwo-ad-rem","7":"product_cat-ksiazki","8":"entry","9":"has-media","12":"first","13":"instock","14":"taxable","15":"shipping-taxable","16":"purchasable","17":"product-type-simple","18":"has-product-nav","19":"col","20":"span_1_of_4","21":"owp-content-center","22":"owp-thumbs-layout-horizontal","23":"owp-btn-normal","24":"owp-tabs-layout-horizontal","25":"has-no-thumbnails"},"_links":{"self":[{"href":"https:\/\/pwlibra.pl\/index.php\/wp-json\/wp\/v2\/product\/4637","targetHints":{"allow":["GET"]}}],"collection":[{"href":"https:\/\/pwlibra.pl\/index.php\/wp-json\/wp\/v2\/product"}],"about":[{"href":"https:\/\/pwlibra.pl\/index.php\/wp-json\/wp\/v2\/types\/product"}],"version-history":[{"count":1,"href":"https:\/\/pwlibra.pl\/index.php\/wp-json\/wp\/v2\/product\/4637\/revisions"}],"predecessor-version":[{"id":4639,"href":"https:\/\/pwlibra.pl\/index.php\/wp-json\/wp\/v2\/product\/4637\/revisions\/4639"}],"wp:featuredmedia":[{"embeddable":true,"href":"https:\/\/pwlibra.pl\/index.php\/wp-json\/wp\/v2\/media\/4638"}],"wp:attachment":[{"href":"https:\/\/pwlibra.pl\/index.php\/wp-json\/wp\/v2\/media?parent=4637"}],"wp:term":[{"taxonomy":"authors","embeddable":true,"href":"https:\/\/pwlibra.pl\/index.php\/wp-json\/wp\/v2\/authors?post=4637"},{"taxonomy":"publishers","embeddable":true,"href":"https:\/\/pwlibra.pl\/index.php\/wp-json\/wp\/v2\/publishers?post=4637"},{"taxonomy":"product_brand","embeddable":true,"href":"https:\/\/pwlibra.pl\/index.php\/wp-json\/wp\/v2\/product_brand?post=4637"},{"taxonomy":"product_cat","embeddable":true,"href":"https:\/\/pwlibra.pl\/index.php\/wp-json\/wp\/v2\/product_cat?post=4637"},{"taxonomy":"product_tag","embeddable":true,"href":"https:\/\/pwlibra.pl\/index.php\/wp-json\/wp\/v2\/product_tag?post=4637"}],"curies":[{"name":"wp","href":"https:\/\/api.w.org\/{rel}","templated":true}]}}