{"id":4634,"date":"2025-12-15T15:02:20","date_gmt":"2025-12-15T14:02:20","guid":{"rendered":"https:\/\/pwlibra.pl\/?post_type=product&#038;p=4634"},"modified":"2025-12-15T15:02:20","modified_gmt":"2025-12-15T14:02:20","slug":"karkonoskie-kolorowanki-2","status":"publish","type":"product","link":"https:\/\/pwlibra.pl\/index.php\/produkt\/karkonoskie-kolorowanki-2\/","title":{"rendered":"Karkonoskie Kolorowanki 2"},"content":{"rendered":"<p>ksi\u0105\u017cka<\/p>\n","protected":false},"excerpt":{"rendered":"<div class=\"woocommerce-product-details__short-description\">\n<p>\u201eKarkonosze jak malowane!\u201d kolorowanka dla dzieci, ilustruj\u0105ca 16 atrakcji turystycznych Karkonoszy i Jeleniej G\u00f3ry m.in.: Duch G\u00f3r, \u015bwi\u0105tynia Wang, \u015anie\u017cka, jeleniog\u00f3rski Rynek, Brama Wojanowska, Chojnik oraz wiele innych.<\/p>\n<\/div>\n<p>Najpopularniejsze miejsca w Karkonoszach i najbli\u017cszej okolicy, do pokolorowania, przypomnienia, zabawy. Wspania\u0142a ksi\u0105\u017ceczka dla najm\u0142odszych utrwalaj\u0105ca pami\u0119\u0107 o odwiedzonych miejscach, inspiruj\u0105ca tak\u017ce do ich odkrywania.<\/p>\n<p>Zeszyt zawiera 16\u00a0rysunk\u00f3w \u2013 autorstwa\u00a0Justyny D\u0142u\u017cniewskiej\u00a0\u2013 do w\u0142asnego wyko\u0144czenia oraz\u00a0pytania z nimi zwi\u0105zane.<\/p>\n","protected":false},"featured_media":4635,"template":"","meta":[],"authors":[],"publishers":[113],"product_brand":[],"product_cat":[96],"product_tag":[],"class_list":{"0":"post-4634","1":"product","2":"type-product","3":"status-publish","4":"has-post-thumbnail","6":"publishers-wydawnictwo-ad-rem","7":"product_cat-ksiazki","8":"entry","9":"has-media","12":"first","13":"instock","14":"taxable","15":"shipping-taxable","16":"purchasable","17":"product-type-simple","18":"has-product-nav","19":"col","20":"span_1_of_4","21":"owp-content-center","22":"owp-thumbs-layout-horizontal","23":"owp-btn-normal","24":"owp-tabs-layout-horizontal","25":"has-no-thumbnails"},"_links":{"self":[{"href":"https:\/\/pwlibra.pl\/index.php\/wp-json\/wp\/v2\/product\/4634","targetHints":{"allow":["GET"]}}],"collection":[{"href":"https:\/\/pwlibra.pl\/index.php\/wp-json\/wp\/v2\/product"}],"about":[{"href":"https:\/\/pwlibra.pl\/index.php\/wp-json\/wp\/v2\/types\/product"}],"version-history":[{"count":1,"href":"https:\/\/pwlibra.pl\/index.php\/wp-json\/wp\/v2\/product\/4634\/revisions"}],"predecessor-version":[{"id":4636,"href":"https:\/\/pwlibra.pl\/index.php\/wp-json\/wp\/v2\/product\/4634\/revisions\/4636"}],"wp:featuredmedia":[{"embeddable":true,"href":"https:\/\/pwlibra.pl\/index.php\/wp-json\/wp\/v2\/media\/4635"}],"wp:attachment":[{"href":"https:\/\/pwlibra.pl\/index.php\/wp-json\/wp\/v2\/media?parent=4634"}],"wp:term":[{"taxonomy":"authors","embeddable":true,"href":"https:\/\/pwlibra.pl\/index.php\/wp-json\/wp\/v2\/authors?post=4634"},{"taxonomy":"publishers","embeddable":true,"href":"https:\/\/pwlibra.pl\/index.php\/wp-json\/wp\/v2\/publishers?post=4634"},{"taxonomy":"product_brand","embeddable":true,"href":"https:\/\/pwlibra.pl\/index.php\/wp-json\/wp\/v2\/product_brand?post=4634"},{"taxonomy":"product_cat","embeddable":true,"href":"https:\/\/pwlibra.pl\/index.php\/wp-json\/wp\/v2\/product_cat?post=4634"},{"taxonomy":"product_tag","embeddable":true,"href":"https:\/\/pwlibra.pl\/index.php\/wp-json\/wp\/v2\/product_tag?post=4634"}],"curies":[{"name":"wp","href":"https:\/\/api.w.org\/{rel}","templated":true}]}}