{"id":4628,"date":"2025-12-15T14:53:08","date_gmt":"2025-12-15T13:53:08","guid":{"rendered":"https:\/\/pwlibra.pl\/?post_type=product&#038;p=4628"},"modified":"2025-12-15T14:53:08","modified_gmt":"2025-12-15T13:53:08","slug":"gory-olbrzymie-pelne-tajemnic","status":"publish","type":"product","link":"https:\/\/pwlibra.pl\/index.php\/produkt\/gory-olbrzymie-pelne-tajemnic\/","title":{"rendered":"G\u00f3ry Olbrzymie, pe\u0142ne tajemnic"},"content":{"rendered":"<p>ksi\u0105\u017cka<\/p>\n","protected":false},"excerpt":{"rendered":"<p>Trzecia cz\u0119\u015b\u0107 Przewodnika Emocjonalnego, autorstwa Jaros\u0142awa Szczy\u017cowskiego, kt\u00f3ry oddaje w Wasze r\u0119ce do\u015b\u0107 nietypow\u0105, jak na dzisiejsze standardy przysta\u0142o, publikacj\u0119.<\/p>\n<p>Nie znajdziecie w niej \u017cadnych sugestii dotycz\u0105cych wypoczynku w g\u00f3rskich kurortach, opis\u00f3w w\u0105tpliwej jako\u015bci miejsc rozrywki wszelakiej, czy upstrzonych lukrem i cukrem pudrem krajobraz\u00f3w na podkolorowanych zdj\u0119ciach, rzadko kiedy oddaj\u0105cych ich faktyczn\u0105 rzeczywisto\u015b\u0107.<\/p>\n<p>Od takiego stanu rzeczy autor odszed\u0142 ju\u017c na samym pocz\u0105tku, wydaj\u0105c dwie poprzednie cz\u0119\u015bci Przewodnika Emocjonalnego o Miedziance i kowarskim uranie.<\/p>\n<p>Tym razem opowie\u015b\u0107 toczy si\u0119 po\u015br\u00f3d miejsc innych, ale wcale mniej znanych, cho\u0107 dla niekt\u00f3rych ten stan rzeczy mo\u017ce okaza\u0107 si\u0119 zupe\u0142nie nowy, nieodkryty, a niekiedy niezrozumia\u0142y.<\/p>\n<p>Jak za r\u0119k\u0119 autor oprowadzi Was po \u015bwiatach zapomnianych Karkonoszy i G\u00f3r Izerskich, pokrytych do\u015b\u0107 mocno kurzem niepami\u0119ci, gdzie to co niewidzialne dla ludzkiego oka mo\u017ce niespodziewanie wyskoczy\u0107, jak filip z konopi i z\u0142apa\u0107 za ko\u0142nierz, albo popl\u0105ta\u0107 drogi, nawet te \u017cyciowe i sprawi\u0107, \u017ce ten cudaczny kawa\u0142ek ziemskiego nieba, zakie\u0142kuje na zawsze w waszych sercach\u2026 A innych przerazi, ale to ju\u017c inna historia\u2026<\/p>\n","protected":false},"featured_media":4629,"template":"","meta":[],"authors":[116],"publishers":[113],"product_brand":[],"product_cat":[96],"product_tag":[],"class_list":{"0":"post-4628","1":"product","2":"type-product","3":"status-publish","4":"has-post-thumbnail","6":"authors-szczyzowski-jaroslaw","7":"publishers-wydawnictwo-ad-rem","8":"product_cat-ksiazki","9":"entry","10":"has-media","13":"first","14":"instock","15":"taxable","16":"shipping-taxable","17":"purchasable","18":"product-type-simple","19":"has-product-nav","20":"col","21":"span_1_of_4","22":"owp-content-center","23":"owp-thumbs-layout-horizontal","24":"owp-btn-normal","25":"owp-tabs-layout-horizontal","26":"has-no-thumbnails"},"_links":{"self":[{"href":"https:\/\/pwlibra.pl\/index.php\/wp-json\/wp\/v2\/product\/4628","targetHints":{"allow":["GET"]}}],"collection":[{"href":"https:\/\/pwlibra.pl\/index.php\/wp-json\/wp\/v2\/product"}],"about":[{"href":"https:\/\/pwlibra.pl\/index.php\/wp-json\/wp\/v2\/types\/product"}],"version-history":[{"count":1,"href":"https:\/\/pwlibra.pl\/index.php\/wp-json\/wp\/v2\/product\/4628\/revisions"}],"predecessor-version":[{"id":4630,"href":"https:\/\/pwlibra.pl\/index.php\/wp-json\/wp\/v2\/product\/4628\/revisions\/4630"}],"wp:featuredmedia":[{"embeddable":true,"href":"https:\/\/pwlibra.pl\/index.php\/wp-json\/wp\/v2\/media\/4629"}],"wp:attachment":[{"href":"https:\/\/pwlibra.pl\/index.php\/wp-json\/wp\/v2\/media?parent=4628"}],"wp:term":[{"taxonomy":"authors","embeddable":true,"href":"https:\/\/pwlibra.pl\/index.php\/wp-json\/wp\/v2\/authors?post=4628"},{"taxonomy":"publishers","embeddable":true,"href":"https:\/\/pwlibra.pl\/index.php\/wp-json\/wp\/v2\/publishers?post=4628"},{"taxonomy":"product_brand","embeddable":true,"href":"https:\/\/pwlibra.pl\/index.php\/wp-json\/wp\/v2\/product_brand?post=4628"},{"taxonomy":"product_cat","embeddable":true,"href":"https:\/\/pwlibra.pl\/index.php\/wp-json\/wp\/v2\/product_cat?post=4628"},{"taxonomy":"product_tag","embeddable":true,"href":"https:\/\/pwlibra.pl\/index.php\/wp-json\/wp\/v2\/product_tag?post=4628"}],"curies":[{"name":"wp","href":"https:\/\/api.w.org\/{rel}","templated":true}]}}