{"id":4622,"date":"2025-12-15T14:42:56","date_gmt":"2025-12-15T13:42:56","guid":{"rendered":"https:\/\/pwlibra.pl\/?post_type=product&#038;p=4622"},"modified":"2025-12-15T14:42:56","modified_gmt":"2025-12-15T13:42:56","slug":"gerhart-hauptmann-obrazy-z-zycia","status":"publish","type":"product","link":"https:\/\/pwlibra.pl\/index.php\/produkt\/gerhart-hauptmann-obrazy-z-zycia\/","title":{"rendered":"Gerhart Hauptmann. Obrazy z \u017bycia"},"content":{"rendered":"<p>ksi\u0105\u017cka<\/p>\n","protected":false},"excerpt":{"rendered":"<p>Publikacja wydana do objazdowej wystawy fotograficznej, zorganizowanej przez Muzeum Miejskie Dom Gerharta Hauptmanna w Jeleniej G\u00f3rze i Muzeum Gerharta Hauptmanna w Erkner, z okazji 70 rocznicy \u015bmierci Gerharta Hauptmanna. Zdj\u0119cia przedstawiaj\u0105 wybitnego pisarza w zupe\u0142nie inny, dot\u0105d nieznany spos\u00f3b, uj\u0119cia, kt\u00f3re uda\u0142o si\u0119 odnale\u017a\u0107 w niepublikowanych dot\u0105d zdj\u0119ciach. Rainer Maria Rillke pisa\u0142 w 1900 r. \u201cco\u015b cichego , prostego i niesko\u0144czenie mi\u0142ego jest w jego sposobie bycia\u2026\u201d Tworz\u0105c wystaw\u0119 starano si\u0119 odszuka\u0107 przede wszystkim t\u0119 naturalno\u015b\u0107 i prostot\u0119. Prezentowane fotografie to nie tylko zdj\u0119cia wykonane na zlecenie, ale tak\u017ce fotografie wykonane przez przyjaci\u00f3\u0142, znajomych w sytuacjach prywatnych. W\u015br\u00f3d nich zdj\u0119cia przypadkowe pokazuj\u0105ce poet\u0119 nie w wy\u0107wiczonych pozach, ale jako osob\u0119 prywatn\u0105, kochaj\u0105cego m\u0119\u017ca, ojca, cz\u0142owieka pytaj\u0105cego, w\u0105tpi\u0105cego, a nawet \u015bmiej\u0105cego si\u0119 i \u017cartuj\u0105cego.<\/p>\n","protected":false},"featured_media":4623,"template":"","meta":[],"authors":[136,126],"publishers":[115],"product_brand":[],"product_cat":[96],"product_tag":[],"class_list":{"0":"post-4622","1":"product","2":"type-product","3":"status-publish","4":"has-post-thumbnail","6":"authors-rohlfs-stefan","7":"authors-zaprucka-julita-izabela","8":"publishers-muzeum-miejskie-dom-gerharta-hauptmanna","9":"product_cat-ksiazki","10":"entry","11":"has-media","14":"first","15":"instock","16":"taxable","17":"shipping-taxable","18":"purchasable","19":"product-type-simple","20":"has-product-nav","21":"col","22":"span_1_of_4","23":"owp-content-center","24":"owp-thumbs-layout-horizontal","25":"owp-btn-normal","26":"owp-tabs-layout-horizontal","27":"has-no-thumbnails"},"_links":{"self":[{"href":"https:\/\/pwlibra.pl\/index.php\/wp-json\/wp\/v2\/product\/4622","targetHints":{"allow":["GET"]}}],"collection":[{"href":"https:\/\/pwlibra.pl\/index.php\/wp-json\/wp\/v2\/product"}],"about":[{"href":"https:\/\/pwlibra.pl\/index.php\/wp-json\/wp\/v2\/types\/product"}],"version-history":[{"count":1,"href":"https:\/\/pwlibra.pl\/index.php\/wp-json\/wp\/v2\/product\/4622\/revisions"}],"predecessor-version":[{"id":4624,"href":"https:\/\/pwlibra.pl\/index.php\/wp-json\/wp\/v2\/product\/4622\/revisions\/4624"}],"wp:featuredmedia":[{"embeddable":true,"href":"https:\/\/pwlibra.pl\/index.php\/wp-json\/wp\/v2\/media\/4623"}],"wp:attachment":[{"href":"https:\/\/pwlibra.pl\/index.php\/wp-json\/wp\/v2\/media?parent=4622"}],"wp:term":[{"taxonomy":"authors","embeddable":true,"href":"https:\/\/pwlibra.pl\/index.php\/wp-json\/wp\/v2\/authors?post=4622"},{"taxonomy":"publishers","embeddable":true,"href":"https:\/\/pwlibra.pl\/index.php\/wp-json\/wp\/v2\/publishers?post=4622"},{"taxonomy":"product_brand","embeddable":true,"href":"https:\/\/pwlibra.pl\/index.php\/wp-json\/wp\/v2\/product_brand?post=4622"},{"taxonomy":"product_cat","embeddable":true,"href":"https:\/\/pwlibra.pl\/index.php\/wp-json\/wp\/v2\/product_cat?post=4622"},{"taxonomy":"product_tag","embeddable":true,"href":"https:\/\/pwlibra.pl\/index.php\/wp-json\/wp\/v2\/product_tag?post=4622"}],"curies":[{"name":"wp","href":"https:\/\/api.w.org\/{rel}","templated":true}]}}