{"id":4616,"date":"2025-12-15T14:34:46","date_gmt":"2025-12-15T13:34:46","guid":{"rendered":"https:\/\/pwlibra.pl\/?post_type=product&#038;p=4616"},"modified":"2025-12-15T14:34:46","modified_gmt":"2025-12-15T13:34:46","slug":"dzienniki-podrozne-1765-1800","status":"publish","type":"product","link":"https:\/\/pwlibra.pl\/index.php\/produkt\/dzienniki-podrozne-1765-1800\/","title":{"rendered":"Dzienniki podr\u00f3\u017cne 1765-1800"},"content":{"rendered":"<p>ksi\u0105\u017cka<\/p>\n","protected":false},"excerpt":{"rendered":"<p>Dzienniki podr\u00f3\u017cne 1765-1800<em> to pierwsze w Polsce wydanie zapisk\u00f3w wybitnego mieszka\u0144ca \u0142u\u017cycko-\u015bl\u0105skiego pogranicza \u2013 dziedzica, filantropa, naukowca i g\u00f3ro\u0142aza. Opr\u00f3cz tekstu dziennik\u00f3w tom zawiera dotycz\u0105ce g\u00f3r artyku\u0142y publikowane przez autora, relacje na jego temat zostawione przez wsp\u00f3\u0142czesnych, obszerny wst\u0119p przybli\u017caj\u0105cy sylwetk\u0119 pana von\u00a0 Gersdorfa oraz seri\u0119 nigdy dot\u0105d w Polsce niepublikowanych rysunk\u00f3w zgorzeleckiego artysty Johanna Gottfrieda Schulza (1734-1819), przedstawiaj\u0105ce tereny G\u00f3r Izerskich i Karkonoszy.<\/em><\/p>\n<p><a href=\"https:\/\/de.wikipedia.org\/wiki\/Adolf_Traugott_von_Gersdorff\"><strong>Adolph Traugott von Gersdorf<\/strong><\/a> (1744\u20131807), w\u0142a\u015bciciel po\u0142o\u017conego na \u0142u\u017cycko-\u015bl\u0105skim pograniczu maj\u0105tku si\u0119gaj\u0105cego od g\u00f3ry Smrek po wie\u015b \u015awiecie, by\u0142 naukowcem (zajmowa\u0142 si\u0119 m.in. meteorologi\u0105, mineralogi\u0105, geologi\u0105, astronomi\u0105, geografi\u0105, fizyk\u0105 do\u015bwiadczaln\u0105), regionalist\u0105, podr\u00f3\u017cnikiem (obserwowa\u0142 m.in. pierwsze w historii wej\u015bcie na Mont Blanc w 1786 r.), g\u00f3ro\u0142azem, wsp\u00f3\u0142za\u0142o\u017cycielem G\u00f3rno\u0142u\u017cyckiego Towarzystwa Naukowego w G\u00f6rlitz. Temu ostatniemu zapisa\u0142 ca\u0142\u0105 sw\u0105 spu\u015bcizn\u0119, w tym ponad <strong>30 tom\u00f3w pisanych drobnym maczkiem dziennik\u00f3w podr\u00f3\u017cnych<\/strong> (<em>Reisejournalen<\/em>), wyb\u00f3r z kt\u00f3rych \u2014 dotycz\u0105cy przede wszystkim Karkonoszy i G\u00f3r Izerskich, a tak\u017ce Kotliny Jeleniog\u00f3rskiej z przyleg\u0142o\u015bciami \u2014 sk\u0142ada si\u0119 na niniejszy tom. Dzienniki ukazuj\u0105 nam autora jako cz\u0142owieka nadzwyczaj ciekawego \u015bwiata, uwa\u017cnego obserwatora, umys\u0142 \u015bcis\u0142y, a zarazem dzi\u0119ki anegdotom i opisom reali\u00f3w spo\u0142eczno-kulturowo-gospodarczych tworz\u0105 <strong>portret epoki i regionu w 2. po\u0142owie XVIII wieku<\/strong>. Tom ukazuje si\u0119 w serii <em>Navigare necesse est \u00ad<\/em>\u2014 historycznych relacji podr\u00f3\u017cnych z terenu Sudet\u00f3w, \u015al\u0105ska i okolic.<\/p>\n<p>&nbsp;<\/p>\n<p>(ze strony Wydawcy)<\/p>\n","protected":false},"featured_media":4617,"template":"","meta":[],"authors":[135],"publishers":[108],"product_brand":[],"product_cat":[96],"product_tag":[],"class_list":{"0":"post-4616","1":"product","2":"type-product","3":"status-publish","4":"has-post-thumbnail","6":"authors-traugott-von-gersdorf-adolph","7":"publishers-wielka-izera","8":"product_cat-ksiazki","9":"entry","10":"has-media","13":"first","14":"instock","15":"taxable","16":"shipping-taxable","17":"purchasable","18":"product-type-simple","19":"has-product-nav","20":"col","21":"span_1_of_4","22":"owp-content-center","23":"owp-thumbs-layout-horizontal","24":"owp-btn-normal","25":"owp-tabs-layout-horizontal","26":"has-no-thumbnails"},"_links":{"self":[{"href":"https:\/\/pwlibra.pl\/index.php\/wp-json\/wp\/v2\/product\/4616","targetHints":{"allow":["GET"]}}],"collection":[{"href":"https:\/\/pwlibra.pl\/index.php\/wp-json\/wp\/v2\/product"}],"about":[{"href":"https:\/\/pwlibra.pl\/index.php\/wp-json\/wp\/v2\/types\/product"}],"version-history":[{"count":1,"href":"https:\/\/pwlibra.pl\/index.php\/wp-json\/wp\/v2\/product\/4616\/revisions"}],"predecessor-version":[{"id":4618,"href":"https:\/\/pwlibra.pl\/index.php\/wp-json\/wp\/v2\/product\/4616\/revisions\/4618"}],"wp:featuredmedia":[{"embeddable":true,"href":"https:\/\/pwlibra.pl\/index.php\/wp-json\/wp\/v2\/media\/4617"}],"wp:attachment":[{"href":"https:\/\/pwlibra.pl\/index.php\/wp-json\/wp\/v2\/media?parent=4616"}],"wp:term":[{"taxonomy":"authors","embeddable":true,"href":"https:\/\/pwlibra.pl\/index.php\/wp-json\/wp\/v2\/authors?post=4616"},{"taxonomy":"publishers","embeddable":true,"href":"https:\/\/pwlibra.pl\/index.php\/wp-json\/wp\/v2\/publishers?post=4616"},{"taxonomy":"product_brand","embeddable":true,"href":"https:\/\/pwlibra.pl\/index.php\/wp-json\/wp\/v2\/product_brand?post=4616"},{"taxonomy":"product_cat","embeddable":true,"href":"https:\/\/pwlibra.pl\/index.php\/wp-json\/wp\/v2\/product_cat?post=4616"},{"taxonomy":"product_tag","embeddable":true,"href":"https:\/\/pwlibra.pl\/index.php\/wp-json\/wp\/v2\/product_tag?post=4616"}],"curies":[{"name":"wp","href":"https:\/\/api.w.org\/{rel}","templated":true}]}}