{"id":4613,"date":"2025-12-15T14:31:50","date_gmt":"2025-12-15T13:31:50","guid":{"rendered":"https:\/\/pwlibra.pl\/?post_type=product&#038;p=4613"},"modified":"2025-12-15T14:31:50","modified_gmt":"2025-12-15T13:31:50","slug":"duch-gor-rubezahl-geneza-i-upowszechnienie-legendy","status":"publish","type":"product","link":"https:\/\/pwlibra.pl\/index.php\/produkt\/duch-gor-rubezahl-geneza-i-upowszechnienie-legendy\/","title":{"rendered":"Duch G\u00f3r \u2013 R\u00fcbezahl. Geneza i upowszechnienie legendy"},"content":{"rendered":"<p>ksi\u0105\u017cka<\/p>\n","protected":false},"excerpt":{"rendered":"<p>Praca doktorska wydana w 2007 r. (pierwsze wydanie), b\u0119d\u0105ca najbardziej obszernym zbiorem informacji o postaci Ducha G\u00f3r (bohatera legend polskich, czeskich i niemieckich). Dzi\u015b oddajemy w r\u0119ce Czytelnik\u00f3w nowe, rozszerzone i uaktualnione, drugie wydanie, na kt\u00f3re czekaj\u0105 mi\u0142o\u015bnicy regionu, mieszka\u0144cy i oczywi\u015bcie tury\u015bci, kt\u00f3rzy chc\u0105 pozna\u0107 t\u0119 tajemnicz\u0105 posta\u0107 w\u0142adaj\u0105c\u0105 Karkonoszami.<\/p>\n","protected":false},"featured_media":4614,"template":"","meta":[],"authors":[134],"publishers":[113],"product_brand":[],"product_cat":[96],"product_tag":[],"class_list":{"0":"post-4613","1":"product","2":"type-product","3":"status-publish","4":"has-post-thumbnail","6":"authors-bialy-lucyna","7":"publishers-wydawnictwo-ad-rem","8":"product_cat-ksiazki","9":"entry","10":"has-media","13":"first","14":"instock","15":"taxable","16":"shipping-taxable","17":"purchasable","18":"product-type-simple","19":"has-product-nav","20":"col","21":"span_1_of_4","22":"owp-content-center","23":"owp-thumbs-layout-horizontal","24":"owp-btn-normal","25":"owp-tabs-layout-horizontal","26":"has-no-thumbnails"},"_links":{"self":[{"href":"https:\/\/pwlibra.pl\/index.php\/wp-json\/wp\/v2\/product\/4613","targetHints":{"allow":["GET"]}}],"collection":[{"href":"https:\/\/pwlibra.pl\/index.php\/wp-json\/wp\/v2\/product"}],"about":[{"href":"https:\/\/pwlibra.pl\/index.php\/wp-json\/wp\/v2\/types\/product"}],"version-history":[{"count":1,"href":"https:\/\/pwlibra.pl\/index.php\/wp-json\/wp\/v2\/product\/4613\/revisions"}],"predecessor-version":[{"id":4615,"href":"https:\/\/pwlibra.pl\/index.php\/wp-json\/wp\/v2\/product\/4613\/revisions\/4615"}],"wp:featuredmedia":[{"embeddable":true,"href":"https:\/\/pwlibra.pl\/index.php\/wp-json\/wp\/v2\/media\/4614"}],"wp:attachment":[{"href":"https:\/\/pwlibra.pl\/index.php\/wp-json\/wp\/v2\/media?parent=4613"}],"wp:term":[{"taxonomy":"authors","embeddable":true,"href":"https:\/\/pwlibra.pl\/index.php\/wp-json\/wp\/v2\/authors?post=4613"},{"taxonomy":"publishers","embeddable":true,"href":"https:\/\/pwlibra.pl\/index.php\/wp-json\/wp\/v2\/publishers?post=4613"},{"taxonomy":"product_brand","embeddable":true,"href":"https:\/\/pwlibra.pl\/index.php\/wp-json\/wp\/v2\/product_brand?post=4613"},{"taxonomy":"product_cat","embeddable":true,"href":"https:\/\/pwlibra.pl\/index.php\/wp-json\/wp\/v2\/product_cat?post=4613"},{"taxonomy":"product_tag","embeddable":true,"href":"https:\/\/pwlibra.pl\/index.php\/wp-json\/wp\/v2\/product_tag?post=4613"}],"curies":[{"name":"wp","href":"https:\/\/api.w.org\/{rel}","templated":true}]}}