{"id":4607,"date":"2025-12-15T14:22:28","date_gmt":"2025-12-15T13:22:28","guid":{"rendered":"https:\/\/pwlibra.pl\/?post_type=product&#038;p=4607"},"modified":"2025-12-15T14:22:28","modified_gmt":"2025-12-15T13:22:28","slug":"dolnoslaskie-zamki-i-palace-piekne-mroczne-tajemnicze-tom-3","status":"publish","type":"product","link":"https:\/\/pwlibra.pl\/index.php\/produkt\/dolnoslaskie-zamki-i-palace-piekne-mroczne-tajemnicze-tom-3\/","title":{"rendered":"Dolno\u015bl\u0105skie zamki i pa\u0142ace. Pi\u0119kne, mroczne, tajemnicze. Tom 3"},"content":{"rendered":"<p>ksi\u0105\u017cka<\/p>\n","protected":false},"excerpt":{"rendered":"<p>Przed II wojn\u0105 \u015bwiatow\u0105 na terenie obecnego wojew\u00f3dztwa dolno\u015bl\u0105skiego znajdowa\u0142o si\u0119 oko\u0142o tysi\u0105ca kilkuset zamk\u00f3w, pa\u0142ac\u00f3w i dwor\u00f3w. Niestety, wiele z tych arystokratycznych rezydencji nie dotrwa\u0142o do naszych czas\u00f3w. W 1945 roku, podczas przemarszu Armii Czerwonej w kierunku Berlina, zniszczono setki siedzib szlacheckich, pozostawiaj\u0105c po nich jedynie zgliszcza. Jeszcze wi\u0119cej obiekt\u00f3w zosta\u0142o jednak utraconych w okresie powojennym \u2014 g\u0142\u00f3wnie wskutek zaniedba\u0144 i zaniecha\u0144 \u00f3wczesnych w\u0142adz, ale tak\u017ce dzia\u0142a\u0144 szabrownik\u00f3w i mieszka\u0144c\u00f3w. W ten spos\u00f3b bezpowrotnie znikn\u0105\u0142 m.in. imponuj\u0105cy pa\u0142ac w Mod\u0142ej (powiat boles\u0142awiecki) oraz interesuj\u0105cy pa\u0142ac w D\u0119bowym Gaju (powiat lw\u00f3wecki). Wi\u0119cej o tych i innych miejscach mo\u017cna przeczyta\u0107 w trzeciej cz\u0119\u015bci serii \u201eDolno\u015bl\u0105skie zamki i pa\u0142ace. Pi\u0119kne, mroczne, tajemnicze\u201d.<\/p>\n<p>Ale to nie wszystko! Ksi\u0105\u017cka opowiada tak\u017ce o pa\u0142acach w Barcinku, Giebu\u0142towie i D\u0119bicach, kt\u00f3re niemal na naszych oczach znikaj\u0105 z krajobrazu Dolnego \u015al\u0105ska. Znajdziecie w niej r\u00f3wnie\u017c fascynuj\u0105ce historie podr\u00f3\u017cnik\u00f3w i kolekcjoner\u00f3w zwi\u0105zanych z pa\u0142acami w Biedrzychowicach, Luboradzu, Mys\u0142akowicach i Jastrowcu. Nie zabrak\u0142o tak\u017ce opowie\u015bci o losach zamk\u00f3w we Wleniu (\u0141upkach), Prosz\u00f3wce i \u015awinach, a tak\u017ce o imponuj\u0105cych rezydencjach w Kliczkowie i \u015acinawce G\u00f3rnej. Te ostatnie warto odwiedzi\u0107, by nie tylko zobaczy\u0107 ich majestatyczne mury, lecz tak\u017ce spr\u00f3bowa\u0107 specja\u0142\u00f3w przygotowywanych przez tamtejszych szef\u00f3w kuchni.<\/p>\n<p>Serdecznie zapraszam do lektury oraz podr\u00f3\u017cy po kolejnych fascynuj\u0105cych miejscach wojew\u00f3dztwa dolno\u015bl\u0105skiego!<\/p>\n<p><strong><em>Marek Gaworski<\/em><\/strong><\/p>\n","protected":false},"featured_media":4608,"template":"","meta":[],"authors":[131],"publishers":[132],"product_brand":[],"product_cat":[96],"product_tag":[],"class_list":{"0":"post-4607","1":"product","2":"type-product","3":"status-publish","4":"has-post-thumbnail","6":"authors-gaworski-marek","7":"publishers-matiang","8":"product_cat-ksiazki","9":"entry","10":"has-media","13":"first","14":"instock","15":"taxable","16":"shipping-taxable","17":"purchasable","18":"product-type-simple","19":"has-product-nav","20":"col","21":"span_1_of_4","22":"owp-content-center","23":"owp-thumbs-layout-horizontal","24":"owp-btn-normal","25":"owp-tabs-layout-horizontal","26":"has-no-thumbnails"},"_links":{"self":[{"href":"https:\/\/pwlibra.pl\/index.php\/wp-json\/wp\/v2\/product\/4607","targetHints":{"allow":["GET"]}}],"collection":[{"href":"https:\/\/pwlibra.pl\/index.php\/wp-json\/wp\/v2\/product"}],"about":[{"href":"https:\/\/pwlibra.pl\/index.php\/wp-json\/wp\/v2\/types\/product"}],"version-history":[{"count":1,"href":"https:\/\/pwlibra.pl\/index.php\/wp-json\/wp\/v2\/product\/4607\/revisions"}],"predecessor-version":[{"id":4609,"href":"https:\/\/pwlibra.pl\/index.php\/wp-json\/wp\/v2\/product\/4607\/revisions\/4609"}],"wp:featuredmedia":[{"embeddable":true,"href":"https:\/\/pwlibra.pl\/index.php\/wp-json\/wp\/v2\/media\/4608"}],"wp:attachment":[{"href":"https:\/\/pwlibra.pl\/index.php\/wp-json\/wp\/v2\/media?parent=4607"}],"wp:term":[{"taxonomy":"authors","embeddable":true,"href":"https:\/\/pwlibra.pl\/index.php\/wp-json\/wp\/v2\/authors?post=4607"},{"taxonomy":"publishers","embeddable":true,"href":"https:\/\/pwlibra.pl\/index.php\/wp-json\/wp\/v2\/publishers?post=4607"},{"taxonomy":"product_brand","embeddable":true,"href":"https:\/\/pwlibra.pl\/index.php\/wp-json\/wp\/v2\/product_brand?post=4607"},{"taxonomy":"product_cat","embeddable":true,"href":"https:\/\/pwlibra.pl\/index.php\/wp-json\/wp\/v2\/product_cat?post=4607"},{"taxonomy":"product_tag","embeddable":true,"href":"https:\/\/pwlibra.pl\/index.php\/wp-json\/wp\/v2\/product_tag?post=4607"}],"curies":[{"name":"wp","href":"https:\/\/api.w.org\/{rel}","templated":true}]}}