{"id":4603,"date":"2025-12-15T14:18:21","date_gmt":"2025-12-15T13:18:21","guid":{"rendered":"https:\/\/pwlibra.pl\/?post_type=product&#038;p=4603"},"modified":"2025-12-15T14:18:33","modified_gmt":"2025-12-15T13:18:33","slug":"dolnoslaskie-zamki-i-palace-piekne-mroczne-tajemnicze","status":"publish","type":"product","link":"https:\/\/pwlibra.pl\/index.php\/produkt\/dolnoslaskie-zamki-i-palace-piekne-mroczne-tajemnicze\/","title":{"rendered":"Dolno\u015bl\u0105skie zamki i pa\u0142ace. Pi\u0119kne, mroczne, tajemnicze"},"content":{"rendered":"<p>ksi\u0105\u017cka<\/p>\n","protected":false},"excerpt":{"rendered":"<p align=\"justify\"><em><strong>Kilka s\u0142\u00f3w zamiast wst\u0119pu<\/strong><\/em><\/p>\n<p align=\"justify\">\u201e<i>Dolny \u015al\u0105sk to kraina, kt\u00f3ra, jak \u017cadna inna w naszym kraju, w pe\u0142ni oddaje klimat uj\u0119ty w tytule niniejszej serii. Nikt nie zaprzeczy, \u017ce Dolny \u015al\u0105sk jest zar\u00f3wno pi\u0119kny i tajemniczy, ale te\u017c mroczny \u2013 pe\u0142en zagadek zwi\u0105zanych m.in. z okresem II wojny \u015bwiatowej, a tak\u017ce tragicznych miejsc i postaci. Ilo\u015b\u0107 zamk\u00f3w, pa\u0142ac\u00f3w i dwor\u00f3w jest tu najwi\u0119ksza w ca\u0142ej Polsce, dzi\u0119ki czemu pasjonaci historii i turystyki nie maj\u0105 czasu, aby si\u0119 nim znudzi\u0107. W zwi\u0105zku z tym trudno jest znale\u017a\u0107 jedn\u0105 publikacj\u0119, kt\u00f3ra opisywa\u0142aby szczeg\u00f3\u0142owo wszystkie interesuj\u0105ce nas obiekty, dlatego niniejsza ksi\u0105\u017cka jest pierwsz\u0105 w zapowiadaj\u0105cej si\u0119 na wiele tom\u00f3w serii opisuj\u0105cej histori\u0119 zabytkowych rezydencji w wojew\u00f3dztwie dolno\u015bl\u0105skim. Seria ta skupia\u0107 si\u0119 b\u0119dzie przede wszystkim na budowlach niej znanych, po\u0142o\u017conych z dala od g\u0142\u00f3wnych szlak\u00f3w turystycznych, cz\u0119sto ju\u017c nieistniej\u0105cych, a posiadaj\u0105cych ciekaw\u0105 i nieznan\u0105 szerzej histori\u0119, cho\u0107 i dla najwa\u017cniejszych i bardziej popularnych obiekt\u00f3w znajdzie si\u0119 w niej miejsce.<\/i><\/p>\n<p align=\"justify\"><i>Tak te\u017c jest w tej ksi\u0105\u017cce. Znajdziemy w niej opis najbardziej tajemniczego zamku w Polsce, jakim jest niew\u0105tpliwie zamek Czocha, ale poznamy tak\u017ce opowie\u015bci zwi\u0105zane z mniej znanymi pa\u0142acami, w tym r\u00f3wnie\u017c i tymi, o kt\u00f3rych wielu z Was zapewne nigdy nie s\u0142ysza\u0142o. Bo ilu z nas zna np. pa\u0142ace w Brachowie, czy Go\u015bciszowie (nie myli\u0107 z zamkiem nieopodal Boles\u0142awca), kt\u00f3re zosta\u0142y zalane, b\u0105d\u017a znikn\u0119\u0142y z powierzchni ziemi, podobnie jak i ca\u0142e wsie, w kt\u00f3rych si\u0119 znajdowa\u0142y? Czy znamy losy szwedzkiej aktorki przebywaj\u0105cej na Dolnym \u015al\u0105sku? Opowie\u015b\u0107 o samob\u00f3jstwie pope\u0142nionym z mi\u0142o\u015bci? Histori\u0119 wielkiego skandalu, kt\u00f3ry wybuch\u0142 z powodu pewnego przem\u00f3wienia? Czy wiemy, gdzie powsta\u0142o \u201egniazdko mi\u0142o\u015bci\u201d z przepi\u0119knym widokiem na Karkonosze? Albo jak wygl\u0105da\u0142y wn\u0119trza pewnego zamku w czasie pobytu w nim kr\u00f3lewskiej rodziny?<\/i><\/p>\n<p align=\"justify\"><i>O tym wszystkim \u2013 i nie tylko \u2013 przeczytacie w pierwszej cz\u0119\u015bci serii 'Dolno\u015bl\u0105skie zamki i pa\u0142ace \u2013 Pi\u0119kne, mroczne, tajemnicze\u2019.<\/i><\/p>\n<p align=\"justify\"><i>Serdecznie zapraszam do lektury<\/i>\u201d<\/p>\n","protected":false},"featured_media":4604,"template":"","meta":[],"authors":[131],"publishers":[132],"product_brand":[],"product_cat":[96],"product_tag":[],"class_list":{"0":"post-4603","1":"product","2":"type-product","3":"status-publish","4":"has-post-thumbnail","6":"authors-gaworski-marek","7":"publishers-matiang","8":"product_cat-ksiazki","9":"entry","10":"has-media","13":"first","14":"instock","15":"taxable","16":"shipping-taxable","17":"purchasable","18":"product-type-simple","19":"has-product-nav","20":"col","21":"span_1_of_4","22":"owp-content-center","23":"owp-thumbs-layout-horizontal","24":"owp-btn-normal","25":"owp-tabs-layout-horizontal","26":"has-no-thumbnails"},"_links":{"self":[{"href":"https:\/\/pwlibra.pl\/index.php\/wp-json\/wp\/v2\/product\/4603","targetHints":{"allow":["GET"]}}],"collection":[{"href":"https:\/\/pwlibra.pl\/index.php\/wp-json\/wp\/v2\/product"}],"about":[{"href":"https:\/\/pwlibra.pl\/index.php\/wp-json\/wp\/v2\/types\/product"}],"version-history":[{"count":2,"href":"https:\/\/pwlibra.pl\/index.php\/wp-json\/wp\/v2\/product\/4603\/revisions"}],"predecessor-version":[{"id":4606,"href":"https:\/\/pwlibra.pl\/index.php\/wp-json\/wp\/v2\/product\/4603\/revisions\/4606"}],"wp:featuredmedia":[{"embeddable":true,"href":"https:\/\/pwlibra.pl\/index.php\/wp-json\/wp\/v2\/media\/4604"}],"wp:attachment":[{"href":"https:\/\/pwlibra.pl\/index.php\/wp-json\/wp\/v2\/media?parent=4603"}],"wp:term":[{"taxonomy":"authors","embeddable":true,"href":"https:\/\/pwlibra.pl\/index.php\/wp-json\/wp\/v2\/authors?post=4603"},{"taxonomy":"publishers","embeddable":true,"href":"https:\/\/pwlibra.pl\/index.php\/wp-json\/wp\/v2\/publishers?post=4603"},{"taxonomy":"product_brand","embeddable":true,"href":"https:\/\/pwlibra.pl\/index.php\/wp-json\/wp\/v2\/product_brand?post=4603"},{"taxonomy":"product_cat","embeddable":true,"href":"https:\/\/pwlibra.pl\/index.php\/wp-json\/wp\/v2\/product_cat?post=4603"},{"taxonomy":"product_tag","embeddable":true,"href":"https:\/\/pwlibra.pl\/index.php\/wp-json\/wp\/v2\/product_tag?post=4603"}],"curies":[{"name":"wp","href":"https:\/\/api.w.org\/{rel}","templated":true}]}}