{"id":4600,"date":"2025-12-15T14:13:11","date_gmt":"2025-12-15T13:13:11","guid":{"rendered":"https:\/\/pwlibra.pl\/?post_type=product&#038;p=4600"},"modified":"2025-12-15T14:13:11","modified_gmt":"2025-12-15T13:13:11","slug":"o-domu","status":"publish","type":"product","link":"https:\/\/pwlibra.pl\/index.php\/produkt\/o-domu\/","title":{"rendered":"O domu"},"content":{"rendered":"<p>ksi\u0105\u017cka<\/p>\n","protected":false},"excerpt":{"rendered":"<p>Autorka przemierzy\u0142a tysi\u0105ce kilometr\u00f3w i pokona\u0142a wiele przeszk\u00f3d, aby sw\u00f3j dom znale\u017a\u0107 pod Szrenic\u0105. Podczas swej obecno\u015bci w Szklarskiej Por\u0119bie stworzy\u0142a niezwykle oryginalne, nasycone barwami obrazy inspirowane miejscami i lud\u017ami tu mieszkaj\u0105cymi.<br \/>\nO drodze i artystycznej pracy przeczytacie w tej absolutnie oryginalnej i nietuzinkowej ksi\u0105\u017cce.<\/p>\n","protected":false},"featured_media":4601,"template":"","meta":[],"authors":[130],"publishers":[113],"product_brand":[],"product_cat":[96],"product_tag":[],"class_list":{"0":"post-4600","1":"product","2":"type-product","3":"status-publish","4":"has-post-thumbnail","6":"authors-riabkowa-ludmila","7":"publishers-wydawnictwo-ad-rem","8":"product_cat-ksiazki","9":"entry","10":"has-media","13":"first","14":"instock","15":"taxable","16":"shipping-taxable","17":"purchasable","18":"product-type-simple","19":"has-product-nav","20":"col","21":"span_1_of_4","22":"owp-content-center","23":"owp-thumbs-layout-horizontal","24":"owp-btn-normal","25":"owp-tabs-layout-horizontal","26":"has-no-thumbnails"},"_links":{"self":[{"href":"https:\/\/pwlibra.pl\/index.php\/wp-json\/wp\/v2\/product\/4600","targetHints":{"allow":["GET"]}}],"collection":[{"href":"https:\/\/pwlibra.pl\/index.php\/wp-json\/wp\/v2\/product"}],"about":[{"href":"https:\/\/pwlibra.pl\/index.php\/wp-json\/wp\/v2\/types\/product"}],"version-history":[{"count":1,"href":"https:\/\/pwlibra.pl\/index.php\/wp-json\/wp\/v2\/product\/4600\/revisions"}],"predecessor-version":[{"id":4602,"href":"https:\/\/pwlibra.pl\/index.php\/wp-json\/wp\/v2\/product\/4600\/revisions\/4602"}],"wp:featuredmedia":[{"embeddable":true,"href":"https:\/\/pwlibra.pl\/index.php\/wp-json\/wp\/v2\/media\/4601"}],"wp:attachment":[{"href":"https:\/\/pwlibra.pl\/index.php\/wp-json\/wp\/v2\/media?parent=4600"}],"wp:term":[{"taxonomy":"authors","embeddable":true,"href":"https:\/\/pwlibra.pl\/index.php\/wp-json\/wp\/v2\/authors?post=4600"},{"taxonomy":"publishers","embeddable":true,"href":"https:\/\/pwlibra.pl\/index.php\/wp-json\/wp\/v2\/publishers?post=4600"},{"taxonomy":"product_brand","embeddable":true,"href":"https:\/\/pwlibra.pl\/index.php\/wp-json\/wp\/v2\/product_brand?post=4600"},{"taxonomy":"product_cat","embeddable":true,"href":"https:\/\/pwlibra.pl\/index.php\/wp-json\/wp\/v2\/product_cat?post=4600"},{"taxonomy":"product_tag","embeddable":true,"href":"https:\/\/pwlibra.pl\/index.php\/wp-json\/wp\/v2\/product_tag?post=4600"}],"curies":[{"name":"wp","href":"https:\/\/api.w.org\/{rel}","templated":true}]}}