{"id":4594,"date":"2025-12-15T13:28:36","date_gmt":"2025-12-15T12:28:36","guid":{"rendered":"https:\/\/pwlibra.pl\/?post_type=product&#038;p=4594"},"modified":"2025-12-15T13:28:36","modified_gmt":"2025-12-15T12:28:36","slug":"pan-omnia-i-inne-opowiadania-gorskie","status":"publish","type":"product","link":"https:\/\/pwlibra.pl\/index.php\/produkt\/pan-omnia-i-inne-opowiadania-gorskie\/","title":{"rendered":"Pan Omnia i inne opowiadania g\u00f3rskie"},"content":{"rendered":"<p>ksi\u0105\u017cka<\/p>\n","protected":false},"excerpt":{"rendered":"<p><em>Pan Omnia i inne opowiadania g\u00f3rskie <\/em>to zbi\u00f3r kr\u00f3tkich form prozatorskich reprezentuj\u0105cych nader zr\u00f3\u017cnicowane gatunki: od komedii (H. Seidel, P. Keller), przez metatekstow\u0105 bajk\u0119 (W. Alexis), realizm czysty (T. Fontane) i magiczny (G. Hauptmann), po elegi\u0119 (C. Hauptmann). Wszystkie \u0142\u0105czy jeden wsp\u00f3lny mianownik: g\u00f3ry (g\u0142\u00f3wnie Karkonosze) \u2013 jako realny krajobraz i zarazem symboliczna figura, na tle kt\u00f3rej rozgrywaj\u0105 si\u0119 ludzkie losy. Chocia\u017c od powstania wi\u0119kszo\u015bci zamieszczonych tekst\u00f3w min\u0119\u0142o dobre sto lat (w przypadku W. Alexisa jest to ponad dwie\u015bcie), to \u00a0wiele w\u0105tk\u00f3w \u2013 od zmian powodowanych przez rozw\u00f3j masowej turystyki po niejednoznaczno\u015b\u0107 postaci \u201eRzepolicza\u201d \u2013 wyda si\u0119 czytelnikowi zaskakuj\u0105cy aktualnych.<\/p>\n<p>&nbsp;<\/p>\n<p><em>Ten zbi\u00f3r opowie\u015bci nie tylko hipnotycznie wci\u0105ga, ale i otwiera oczy. Przenosimy si\u0119 w karkonosko-izerski krajobraz sprzed lat stu i wi\u0119cej \u2014 lat dramatycznych \u2014 by zanurzy\u0107 si\u0119 g\u0142\u0119boko w jego prawdy i mity. Jest to, jak kiedy\u015b napisa\u0142 Goethe, dawna historia, ale wci\u0105\u017c ca\u0142kiem nowa. Ta ksi\u0105\u017cka to niezwyk\u0142a g\u00f3rsko-literacka przygoda, na kt\u00f3r\u0105 zas\u0142ugujemy.<\/em><\/p>\n<p>Henryk Waniek<\/p>\n<p>&nbsp;<\/p>\n<p><em>\u201eCzy stopy Boga w dawny czas \/ przez G\u00f3r Olbrzymich szczyty sz\u0142y?\u201d \u2013 m\u00f3g\u0142by napisa\u0107 William Blake po lekturze tego niezwyk\u0142ego zbioru. Bo nawet dwa stulecia p\u00f3\u017aniej nie s\u0142abnie tutejsza magia. Polecam czyta\u0107 <\/em>Pana Omni\u0119<em>!<\/em><\/p>\n<p>Piotr Siemion<\/p>\n","protected":false},"featured_media":4595,"template":"","meta":[],"authors":[],"publishers":[108],"product_brand":[],"product_cat":[96],"product_tag":[],"class_list":{"0":"post-4594","1":"product","2":"type-product","3":"status-publish","4":"has-post-thumbnail","6":"publishers-wielka-izera","7":"product_cat-ksiazki","8":"entry","9":"has-media","12":"first","13":"instock","14":"taxable","15":"shipping-taxable","16":"purchasable","17":"product-type-simple","18":"has-product-nav","19":"col","20":"span_1_of_4","21":"owp-content-center","22":"owp-thumbs-layout-horizontal","23":"owp-btn-normal","24":"owp-tabs-layout-horizontal","25":"has-no-thumbnails"},"_links":{"self":[{"href":"https:\/\/pwlibra.pl\/index.php\/wp-json\/wp\/v2\/product\/4594","targetHints":{"allow":["GET"]}}],"collection":[{"href":"https:\/\/pwlibra.pl\/index.php\/wp-json\/wp\/v2\/product"}],"about":[{"href":"https:\/\/pwlibra.pl\/index.php\/wp-json\/wp\/v2\/types\/product"}],"version-history":[{"count":1,"href":"https:\/\/pwlibra.pl\/index.php\/wp-json\/wp\/v2\/product\/4594\/revisions"}],"predecessor-version":[{"id":4596,"href":"https:\/\/pwlibra.pl\/index.php\/wp-json\/wp\/v2\/product\/4594\/revisions\/4596"}],"wp:featuredmedia":[{"embeddable":true,"href":"https:\/\/pwlibra.pl\/index.php\/wp-json\/wp\/v2\/media\/4595"}],"wp:attachment":[{"href":"https:\/\/pwlibra.pl\/index.php\/wp-json\/wp\/v2\/media?parent=4594"}],"wp:term":[{"taxonomy":"authors","embeddable":true,"href":"https:\/\/pwlibra.pl\/index.php\/wp-json\/wp\/v2\/authors?post=4594"},{"taxonomy":"publishers","embeddable":true,"href":"https:\/\/pwlibra.pl\/index.php\/wp-json\/wp\/v2\/publishers?post=4594"},{"taxonomy":"product_brand","embeddable":true,"href":"https:\/\/pwlibra.pl\/index.php\/wp-json\/wp\/v2\/product_brand?post=4594"},{"taxonomy":"product_cat","embeddable":true,"href":"https:\/\/pwlibra.pl\/index.php\/wp-json\/wp\/v2\/product_cat?post=4594"},{"taxonomy":"product_tag","embeddable":true,"href":"https:\/\/pwlibra.pl\/index.php\/wp-json\/wp\/v2\/product_tag?post=4594"}],"curies":[{"name":"wp","href":"https:\/\/api.w.org\/{rel}","templated":true}]}}