{"id":4580,"date":"2025-12-14T15:37:07","date_gmt":"2025-12-14T14:37:07","guid":{"rendered":"https:\/\/pwlibra.pl\/?post_type=product&#038;p=4580"},"modified":"2025-12-14T15:37:07","modified_gmt":"2025-12-14T14:37:07","slug":"cieplice-z-widokiem-na-karkonosze-przewodnik-emocjonalny","status":"publish","type":"product","link":"https:\/\/pwlibra.pl\/index.php\/produkt\/cieplice-z-widokiem-na-karkonosze-przewodnik-emocjonalny\/","title":{"rendered":"CIEPLICE z widokiem na Karkonosze. Przewodnik emocjonalny"},"content":{"rendered":"<p>ksi\u0105\u017cka<\/p>\n","protected":false},"excerpt":{"rendered":"<div class=\"woocommerce-product-details__short-description\">\n<p>Ryszard Grzywacz przybli\u017ca troch\u0119 historii, sporo anegdot, mn\u00f3stwo ciekawych wydarze\u0144 i pasj\u0119, kt\u00f3rej na imi\u0119 Cieplice \u015al\u0105skie Zdr\u00f3j, a Oliwia Przybysz przewodnik zilustrowa\u0142a.<\/p>\n<\/div>\n<p>\u201eCieplice z widokiem na Karkonosze. Przewodnik emocjonalny\u201d to ksi\u0105\u017cka \u2013 wyznanie mi\u0142o\u015bci Cieplicom. Autor w kilkunastu rozdzia\u0142ach oprowadza czytelnika po swoim miasteczku. Nie jest to jednak przewodnik tradycyjny! Klucz do tego \u015bwiata stanowi owa tytu\u0142owa emocjonalno\u015b\u0107, ka\u017c\u0105ca narratorowi ogl\u0105da\u0107 i pokazywa\u0107 historie cieplickie przez pryzmat konkretnych, czasami prawdziwych, zawsze przecie\u017c reprezentatywnych\u2026 los\u00f3w mieszka\u0144c\u00f3w.<\/p>\n<p>Na spacerze zobaczymy wa\u017cne i ciekawe miejsca najstarszego uzdrowiska w Polsce. Przewodnik zaspokoi zar\u00f3wno czytelnik\u00f3w \u017c\u0105dnych fakt\u00f3w, jak i tych, kt\u00f3rzy chc\u0105 powoli \u201ewsi\u0105ka\u0107\u201d w klimat miejsc\u2026<\/p>\n","protected":false},"featured_media":4581,"template":"","meta":[],"authors":[124],"publishers":[113],"product_brand":[],"product_cat":[96],"product_tag":[],"class_list":{"0":"post-4580","1":"product","2":"type-product","3":"status-publish","4":"has-post-thumbnail","6":"authors-ryszard-grzywacz","7":"publishers-wydawnictwo-ad-rem","8":"product_cat-ksiazki","9":"entry","10":"has-media","13":"first","14":"instock","15":"taxable","16":"shipping-taxable","17":"purchasable","18":"product-type-simple","19":"has-product-nav","20":"col","21":"span_1_of_4","22":"owp-content-center","23":"owp-thumbs-layout-horizontal","24":"owp-btn-normal","25":"owp-tabs-layout-horizontal","26":"has-no-thumbnails"},"_links":{"self":[{"href":"https:\/\/pwlibra.pl\/index.php\/wp-json\/wp\/v2\/product\/4580","targetHints":{"allow":["GET"]}}],"collection":[{"href":"https:\/\/pwlibra.pl\/index.php\/wp-json\/wp\/v2\/product"}],"about":[{"href":"https:\/\/pwlibra.pl\/index.php\/wp-json\/wp\/v2\/types\/product"}],"version-history":[{"count":1,"href":"https:\/\/pwlibra.pl\/index.php\/wp-json\/wp\/v2\/product\/4580\/revisions"}],"predecessor-version":[{"id":4582,"href":"https:\/\/pwlibra.pl\/index.php\/wp-json\/wp\/v2\/product\/4580\/revisions\/4582"}],"wp:featuredmedia":[{"embeddable":true,"href":"https:\/\/pwlibra.pl\/index.php\/wp-json\/wp\/v2\/media\/4581"}],"wp:attachment":[{"href":"https:\/\/pwlibra.pl\/index.php\/wp-json\/wp\/v2\/media?parent=4580"}],"wp:term":[{"taxonomy":"authors","embeddable":true,"href":"https:\/\/pwlibra.pl\/index.php\/wp-json\/wp\/v2\/authors?post=4580"},{"taxonomy":"publishers","embeddable":true,"href":"https:\/\/pwlibra.pl\/index.php\/wp-json\/wp\/v2\/publishers?post=4580"},{"taxonomy":"product_brand","embeddable":true,"href":"https:\/\/pwlibra.pl\/index.php\/wp-json\/wp\/v2\/product_brand?post=4580"},{"taxonomy":"product_cat","embeddable":true,"href":"https:\/\/pwlibra.pl\/index.php\/wp-json\/wp\/v2\/product_cat?post=4580"},{"taxonomy":"product_tag","embeddable":true,"href":"https:\/\/pwlibra.pl\/index.php\/wp-json\/wp\/v2\/product_tag?post=4580"}],"curies":[{"name":"wp","href":"https:\/\/api.w.org\/{rel}","templated":true}]}}