{"id":4577,"date":"2025-12-14T15:24:26","date_gmt":"2025-12-14T14:24:26","guid":{"rendered":"https:\/\/pwlibra.pl\/?post_type=product&#038;p=4577"},"modified":"2025-12-14T15:24:26","modified_gmt":"2025-12-14T14:24:26","slug":"cystersi-na-tle-dziejow-cieplic","status":"publish","type":"product","link":"https:\/\/pwlibra.pl\/index.php\/produkt\/cystersi-na-tle-dziejow-cieplic\/","title":{"rendered":"Cystersi na tle dziej\u00f3w Cieplic"},"content":{"rendered":"<p>ksi\u0105\u017cka<\/p>\n","protected":false},"excerpt":{"rendered":"<p>Szanowny Czytelniku, oto masz przed sob\u0105 kolejne dzie\u0142o na temat Cieplic, najstarszego uzdrowiska w Polsce. W jego dzieje wpisa\u0142a si\u0119 nie tylko historia \u015al\u0105ska, kr\u00f3lewskiego i ksi\u0105\u017c\u0119cego Rodu Piast\u00f3w, wielce zas\u0142u\u017conego dla tej ziemi s\u0142awnego Rodu Schaffgotsch\u00f3w, a tak\u017ce podziwu godne czyny zakon\u00f3w zajmuj\u0105cych si\u0119 przybywaj\u0105cymi w to miejsce cierpi\u0105cymi i chorymi, kt\u00f3rzy poszukiwali tu ratunku w podratowaniu zdrowia.<\/p>\n<p>Po pierwszych zakonnikach augustianach i joannitach, do dzisiaj nie pozosta\u0142o tu prawie nic, ale czterysta lat gospodarowania w Cieplicach cysters\u00f3w odcisn\u0119\u0142o wspania\u0142e i znacz\u0105ce \u015blady\u2026<\/p>\n<p>Ze wst\u0119pu Stanis\u0142aw Firszta<\/p>\n","protected":false},"featured_media":4578,"template":"","meta":[],"authors":[123,122,121],"publishers":[113],"product_brand":[],"product_cat":[96],"product_tag":[],"class_list":{"0":"post-4577","1":"product","2":"type-product","3":"status-publish","4":"has-post-thumbnail","6":"authors-andrzej-koziel","7":"authors-rafal-eysmontt","8":"authors-stanislaw-firszt","9":"publishers-wydawnictwo-ad-rem","10":"product_cat-ksiazki","11":"entry","12":"has-media","15":"first","16":"instock","17":"taxable","18":"shipping-taxable","19":"purchasable","20":"product-type-simple","21":"has-product-nav","22":"col","23":"span_1_of_4","24":"owp-content-center","25":"owp-thumbs-layout-horizontal","26":"owp-btn-normal","27":"owp-tabs-layout-horizontal","28":"has-no-thumbnails"},"_links":{"self":[{"href":"https:\/\/pwlibra.pl\/index.php\/wp-json\/wp\/v2\/product\/4577","targetHints":{"allow":["GET"]}}],"collection":[{"href":"https:\/\/pwlibra.pl\/index.php\/wp-json\/wp\/v2\/product"}],"about":[{"href":"https:\/\/pwlibra.pl\/index.php\/wp-json\/wp\/v2\/types\/product"}],"version-history":[{"count":1,"href":"https:\/\/pwlibra.pl\/index.php\/wp-json\/wp\/v2\/product\/4577\/revisions"}],"predecessor-version":[{"id":4579,"href":"https:\/\/pwlibra.pl\/index.php\/wp-json\/wp\/v2\/product\/4577\/revisions\/4579"}],"wp:featuredmedia":[{"embeddable":true,"href":"https:\/\/pwlibra.pl\/index.php\/wp-json\/wp\/v2\/media\/4578"}],"wp:attachment":[{"href":"https:\/\/pwlibra.pl\/index.php\/wp-json\/wp\/v2\/media?parent=4577"}],"wp:term":[{"taxonomy":"authors","embeddable":true,"href":"https:\/\/pwlibra.pl\/index.php\/wp-json\/wp\/v2\/authors?post=4577"},{"taxonomy":"publishers","embeddable":true,"href":"https:\/\/pwlibra.pl\/index.php\/wp-json\/wp\/v2\/publishers?post=4577"},{"taxonomy":"product_brand","embeddable":true,"href":"https:\/\/pwlibra.pl\/index.php\/wp-json\/wp\/v2\/product_brand?post=4577"},{"taxonomy":"product_cat","embeddable":true,"href":"https:\/\/pwlibra.pl\/index.php\/wp-json\/wp\/v2\/product_cat?post=4577"},{"taxonomy":"product_tag","embeddable":true,"href":"https:\/\/pwlibra.pl\/index.php\/wp-json\/wp\/v2\/product_tag?post=4577"}],"curies":[{"name":"wp","href":"https:\/\/api.w.org\/{rel}","templated":true}]}}