{"id":4574,"date":"2025-12-14T15:19:08","date_gmt":"2025-12-14T14:19:08","guid":{"rendered":"https:\/\/pwlibra.pl\/?post_type=product&#038;p=4574"},"modified":"2025-12-14T15:19:08","modified_gmt":"2025-12-14T14:19:08","slug":"o-duchu-gor","status":"publish","type":"product","link":"https:\/\/pwlibra.pl\/index.php\/produkt\/o-duchu-gor\/","title":{"rendered":"O Duchu G\u00f3r"},"content":{"rendered":"<p>ksi\u0105\u017cka<\/p>\n","protected":false},"excerpt":{"rendered":"<p>O W\u0142adcy Karkonoszy napisano bardzo du\u017co, staraj\u0105c si\u0119 w r\u00f3\u017cny spos\u00f3b przedstawi\u0107 t\u0119 mitologiczn\u0105 posta\u0107. (\u2026) W tym zakresie wielkie zas\u0142ugi po\u0142o\u017cy\u0142o Muzeum Okr\u0119gowe w Jeleniej G\u00f3rze (od 2001 roku Muzeum Karkonoskie w Jeleniej G\u00f3rze). (\u2026) Wydano ca\u0142\u0105 klasyk\u0119 literack\u0105 zwi\u0105zan\u0105 z Duchem G\u00f3r<br \/>\ni rozpocz\u0119to wydawanie kwartalnika \u201eSkarbiec Ducha G\u00f3r\u201d. (\u2026) W ci\u0105gu 11 lat (1997\u20132008) uzbiera\u0142y si\u0119 44 zeszyty zawieraj\u0105ce wiele cennych informacji. Dzisiaj wi\u0119kszo\u015b\u0107 numer\u00f3w czasopisma jest nieosi\u0105galna, (\u2026) Dlatego te\u017c postanowi\u0142em zebra\u0107 to, co o Duchu G\u00f3r wydrukowano w \u201eSkarbcu Ducha G\u00f3r\u201d i wyda\u0107 w osobnej publikacji, kt\u00f3r\u0105 niniejszym przekazuj\u0119 w r\u0119ce zainteresowanych. (S. Firszt)<\/p>\n","protected":false},"featured_media":4575,"template":"","meta":[],"authors":[121],"publishers":[113],"product_brand":[],"product_cat":[96],"product_tag":[],"class_list":{"0":"post-4574","1":"product","2":"type-product","3":"status-publish","4":"has-post-thumbnail","6":"authors-stanislaw-firszt","7":"publishers-wydawnictwo-ad-rem","8":"product_cat-ksiazki","9":"entry","10":"has-media","13":"first","14":"instock","15":"taxable","16":"shipping-taxable","17":"purchasable","18":"product-type-simple","19":"has-product-nav","20":"col","21":"span_1_of_4","22":"owp-content-center","23":"owp-thumbs-layout-horizontal","24":"owp-btn-normal","25":"owp-tabs-layout-horizontal","26":"has-no-thumbnails"},"_links":{"self":[{"href":"https:\/\/pwlibra.pl\/index.php\/wp-json\/wp\/v2\/product\/4574","targetHints":{"allow":["GET"]}}],"collection":[{"href":"https:\/\/pwlibra.pl\/index.php\/wp-json\/wp\/v2\/product"}],"about":[{"href":"https:\/\/pwlibra.pl\/index.php\/wp-json\/wp\/v2\/types\/product"}],"version-history":[{"count":1,"href":"https:\/\/pwlibra.pl\/index.php\/wp-json\/wp\/v2\/product\/4574\/revisions"}],"predecessor-version":[{"id":4576,"href":"https:\/\/pwlibra.pl\/index.php\/wp-json\/wp\/v2\/product\/4574\/revisions\/4576"}],"wp:featuredmedia":[{"embeddable":true,"href":"https:\/\/pwlibra.pl\/index.php\/wp-json\/wp\/v2\/media\/4575"}],"wp:attachment":[{"href":"https:\/\/pwlibra.pl\/index.php\/wp-json\/wp\/v2\/media?parent=4574"}],"wp:term":[{"taxonomy":"authors","embeddable":true,"href":"https:\/\/pwlibra.pl\/index.php\/wp-json\/wp\/v2\/authors?post=4574"},{"taxonomy":"publishers","embeddable":true,"href":"https:\/\/pwlibra.pl\/index.php\/wp-json\/wp\/v2\/publishers?post=4574"},{"taxonomy":"product_brand","embeddable":true,"href":"https:\/\/pwlibra.pl\/index.php\/wp-json\/wp\/v2\/product_brand?post=4574"},{"taxonomy":"product_cat","embeddable":true,"href":"https:\/\/pwlibra.pl\/index.php\/wp-json\/wp\/v2\/product_cat?post=4574"},{"taxonomy":"product_tag","embeddable":true,"href":"https:\/\/pwlibra.pl\/index.php\/wp-json\/wp\/v2\/product_tag?post=4574"}],"curies":[{"name":"wp","href":"https:\/\/api.w.org\/{rel}","templated":true}]}}