{"id":4565,"date":"2025-12-14T15:07:14","date_gmt":"2025-12-14T14:07:14","guid":{"rendered":"https:\/\/pwlibra.pl\/?post_type=product&#038;p=4565"},"modified":"2025-12-14T15:07:14","modified_gmt":"2025-12-14T14:07:14","slug":"niemieccy-artysci-w-karkonoszach-w-latach-1880-1945","status":"publish","type":"product","link":"https:\/\/pwlibra.pl\/index.php\/produkt\/niemieccy-artysci-w-karkonoszach-w-latach-1880-1945\/","title":{"rendered":"Niemieccy Arty\u015bci w Karkonoszach w latach 1880-1945"},"content":{"rendered":"<p>ksi\u0105\u017cka<\/p>\n","protected":false},"excerpt":{"rendered":"<p><strong>\u201e<a href=\"https:\/\/sztukater.pl\/ksiazki\/niemieccy-artysci-w-karkonoszach-w-latach-1880-1945.html\">Niemieccy arty\u015bci w Karkonoszach w latach 1880-1945<\/a>\u201e<\/strong> to efekt szeroko zakrojonych i kompleksowych bada\u0144. Czytelnicy powinni doceni\u0107 zar\u00f3wno estetyk\u0119 wydania (praca przypomina album malarstwa), a tak\u017ce rzetelno\u015b\u0107 informacji, ksi\u0105\u017cka stanowi bowiem napisan\u0105 z rozmachem panoram\u0119 epoki. Je\u017celi nie wyczerpuje tematu dotycz\u0105cego Heimatkunst, to otwiera pole do dyskusji. Autorce nie tylko uda\u0142o si\u0119 przedstawi\u0107 dokonania artyst\u00f3w, uchwyci\u0142a tak\u017ce moment, w kt\u00f3rym ich tw\u00f3rczo\u015b\u0107 (cz\u0119sto wbrew intencjom autor\u00f3w) zosta\u0142a wykorzystana przez propagand\u0119 i polityk\u0119 nazist\u00f3w. Obok sylwetek poszczeg\u00f3lnych malarzy poznajemy histori\u0119 i przes\u0142anki powstania \u201ekolonii artystycznych\u201d. Spraw\u0105 decyduj\u0105c\u0105 o nadaniu grupie artystycznej tego typu rangi by\u0142o wypracowanie wsp\u00f3lnej i niezale\u017cnej od innych o\u015brodk\u00f3w postawy \u015bwiatopogl\u0105dowej. Tej przes\u0142anki w Szklarskiej Por\u0119bie nigdy nie uda\u0142o si\u0119 spe\u0142ni\u0107, zjawisko zatem nie mie\u015bci si\u0119 jednoznacznie w ramach definicji \u201ekolonii artystycznych\u201d. Autorka jest \u015bwiadoma, i\u017c scheda po przedwojennych artystach stanowi dzi\u015b integralny i istotny czynnik to\u017csamo\u015bci kulturowej regionu, oddaje wi\u0119c im nale\u017cny ho\u0142d, jednocze\u015bnie podkre\u015blaj\u0105c, \u017ce przypisuj\u0105c im rang\u0119 \u201eartystycznej kolonii\u201d, nale\u017cy zachowa\u0107 daleko id\u0105c\u0105 ostro\u017cno\u015b\u0107.<\/p>\n<p><strong>Agata Rome-Dzida<\/strong> \u2013 historyk sztuki, absolwentka Uniwersytetu im. Adama Mickiewicza w Poznaniu, tytu\u0142 doktora nauk humanistycznych uzyska\u0142a w 2012 r. w Instytucie Sztuki Polskiej Akademii Nauk. Swoje zainteresowania koncentruje na sztuce nowoczesnej, badaj\u0105c zjawiska artystyczne sytuuj\u0105ce si\u0119 na granicy sztuki, \u017cycia i polityki. W latach 1999-2004 wsp\u00f3\u0142pracownik TVP SA Pozna\u0144, od 2004 r. Prezes Zarz\u0105du Fundacji Forum Stanisz\u00f3w, w roku 2013 odznaczona Nagrod\u0105 Kulturaln\u0105 Dolnego \u015al\u0105ska SILESIA. Wsp\u00f3lnie z m\u0119\u017cem zajmuje si\u0119 rewitalizacj\u0105 za\u0142o\u017cenia pa\u0142acowo-parkowego w Staniszowie, a w ramach swojej bie\u017c\u0105cej dzia\u0142alno\u015bci projektowej pomaga inwestorom podnosi\u0107 z ruin obiekty historyczne i adaptowa\u0107 je do nowych cel\u00f3w.<\/p>\n<p>*<\/p>\n<p><em>Ka\u017cdy, kto czuje wi\u0119\u017a z Karkonoszami, powinien przeczyta\u0107 t\u0119 pasjonuj\u0105c\u0105 ksi\u0105\u017ck\u0119, ods\u0142aniaj\u0105c\u0105 dzieje artyst\u00f3w, kt\u00f3rzy w jakim\u015b momencie swego \u017cycia zwi\u0105zali si\u0119 z tymi w\u0142a\u015bnie g\u00f3rami. Ich dzie\u0142a, cz\u0119sto przez lata przemilczane i wreszcie zapomniane, wracaj\u0105 w narracji pozbawionej \u0142atwych sentymentalizm\u00f3w, a opartej na wnikliwych badaniach. Jest to sugestywny obraz historii miejsca o szczeg\u00f3lnych walorach kulturotw\u00f3rczych, napisany z entuzjazmem i wielk\u0105 wiedz\u0105. <\/em><\/p>\n<p><em>Dr hab. Joanna Sosnowska<\/em><\/p>\n<p>*<\/p>\n<p><em>Ksi\u0105\u017cka \u201eNiemieccy arty\u015bci w Karkonoszach w latach 1880\u20131945. Przyczynek do bada\u0144 nad Heimatkunst\u201d Agaty Rome-Dzidy to z\u0142o\u017cona, szalenie fascynuj\u0105ca i dostarczaj\u0105ca wielu wra\u017ce\u0144 uk\u0142adanka; pisana z my\u015bl\u0105 o dociekliwym czytelniku, o jasnej i bardzo precyzyjnej konstrukcji, przybli\u017caj\u0105ca w spos\u00f3b wyczerpuj\u0105cy wszystkie najwa\u017cniejsze aspekty \u017cycia artystycznego w tym pozornie nic nieznacz\u0105cym regionie Dolnego \u015al\u0105ska.<\/em><\/p>\n<p><em>Prof. dr hab. Lechos\u0142aw Lame\u0144ski<\/em><\/p>\n","protected":false},"featured_media":4566,"template":"","meta":[],"authors":[117],"publishers":[113],"product_brand":[],"product_cat":[15],"product_tag":[],"class_list":{"0":"post-4565","1":"product","2":"type-product","3":"status-publish","4":"has-post-thumbnail","6":"authors-agata-rome-dzida","7":"publishers-wydawnictwo-ad-rem","8":"product_cat-bez-kategorii","9":"entry","10":"has-media","13":"first","14":"instock","15":"taxable","16":"shipping-taxable","17":"purchasable","18":"product-type-simple","19":"has-product-nav","20":"col","21":"span_1_of_4","22":"owp-content-center","23":"owp-thumbs-layout-horizontal","24":"owp-btn-normal","25":"owp-tabs-layout-horizontal","26":"has-no-thumbnails"},"_links":{"self":[{"href":"https:\/\/pwlibra.pl\/index.php\/wp-json\/wp\/v2\/product\/4565","targetHints":{"allow":["GET"]}}],"collection":[{"href":"https:\/\/pwlibra.pl\/index.php\/wp-json\/wp\/v2\/product"}],"about":[{"href":"https:\/\/pwlibra.pl\/index.php\/wp-json\/wp\/v2\/types\/product"}],"version-history":[{"count":1,"href":"https:\/\/pwlibra.pl\/index.php\/wp-json\/wp\/v2\/product\/4565\/revisions"}],"predecessor-version":[{"id":4567,"href":"https:\/\/pwlibra.pl\/index.php\/wp-json\/wp\/v2\/product\/4565\/revisions\/4567"}],"wp:featuredmedia":[{"embeddable":true,"href":"https:\/\/pwlibra.pl\/index.php\/wp-json\/wp\/v2\/media\/4566"}],"wp:attachment":[{"href":"https:\/\/pwlibra.pl\/index.php\/wp-json\/wp\/v2\/media?parent=4565"}],"wp:term":[{"taxonomy":"authors","embeddable":true,"href":"https:\/\/pwlibra.pl\/index.php\/wp-json\/wp\/v2\/authors?post=4565"},{"taxonomy":"publishers","embeddable":true,"href":"https:\/\/pwlibra.pl\/index.php\/wp-json\/wp\/v2\/publishers?post=4565"},{"taxonomy":"product_brand","embeddable":true,"href":"https:\/\/pwlibra.pl\/index.php\/wp-json\/wp\/v2\/product_brand?post=4565"},{"taxonomy":"product_cat","embeddable":true,"href":"https:\/\/pwlibra.pl\/index.php\/wp-json\/wp\/v2\/product_cat?post=4565"},{"taxonomy":"product_tag","embeddable":true,"href":"https:\/\/pwlibra.pl\/index.php\/wp-json\/wp\/v2\/product_tag?post=4565"}],"curies":[{"name":"wp","href":"https:\/\/api.w.org\/{rel}","templated":true}]}}