{"id":4561,"date":"2025-12-14T15:01:34","date_gmt":"2025-12-14T14:01:34","guid":{"rendered":"https:\/\/pwlibra.pl\/?post_type=product&#038;p=4561"},"modified":"2025-12-14T15:01:34","modified_gmt":"2025-12-14T14:01:34","slug":"miedzianka-przewodnik-po-miescie-ktorego-nie-ma","status":"publish","type":"product","link":"https:\/\/pwlibra.pl\/index.php\/produkt\/miedzianka-przewodnik-po-miescie-ktorego-nie-ma\/","title":{"rendered":"MIEDZIANKA. Przewodnik po mie\u015bcie, kt\u00f3rego nie ma"},"content":{"rendered":"<p>ksi\u0105\u017cka<\/p>\n","protected":false},"excerpt":{"rendered":"<p>Miedzianka to takie miejsce, gdzie\u2026 czas p\u0142ynie w drug\u0105 stron\u0119. Od tego, co jest, do tego, co by\u0142o, przez co jej dziejowy koniec okazuje si\u0119\u2026 jej pocz\u0105tkiem. Tutejsza czasoprzestrze\u0144 zakrzywia si\u0119, wywo\u0142uj\u0105c przejmuj\u0105cy dreszcz, kt\u00f3ry im d\u0142u\u017cej tutaj jeste\u015bmy, tym bardziej czego\u015b si\u0119 od nad domaga. Ale czego? Spo\u015br\u00f3d resztek mur\u00f3w s\u0142yszymy cichutkie:<\/p>\n<p>\u2013 Memento\u2026<\/p>\n<p>Taka w\u0142a\u015bnie jest emocjonalna opowie\u015b\u0107 o Miedziance, oddaj\u0105ca osobist\u0105 histori\u0119 do\u015bwiadczania tego miejsca, odkrywania jego genius loci. Opowie\u015b\u0107 nietuzinkowa, intryguj\u0105ca, inna. Dok\u0142adnie taka, by sta\u0107 si\u0119 przewodnikiem emocjonalnym, z kt\u00f3rych pierwszy oddajemy w\u0142a\u015bnie Czytelnikowi do r\u0105k.<\/p>\n<p>Ilustracje do ksi\u0105\u017cki wykona\u0142 \u0141ukasz Michewicz.<\/p>\n","protected":false},"featured_media":4563,"template":"","meta":[],"authors":[116],"publishers":[113],"product_brand":[],"product_cat":[15],"product_tag":[],"class_list":{"0":"post-4561","1":"product","2":"type-product","3":"status-publish","4":"has-post-thumbnail","6":"authors-szczyzowski-jaroslaw","7":"publishers-wydawnictwo-ad-rem","8":"product_cat-bez-kategorii","9":"entry","10":"has-media","13":"first","14":"instock","15":"taxable","16":"shipping-taxable","17":"purchasable","18":"product-type-simple","19":"has-product-nav","20":"col","21":"span_1_of_4","22":"owp-content-center","23":"owp-thumbs-layout-horizontal","24":"owp-btn-normal","25":"owp-tabs-layout-horizontal","26":"has-no-thumbnails"},"_links":{"self":[{"href":"https:\/\/pwlibra.pl\/index.php\/wp-json\/wp\/v2\/product\/4561","targetHints":{"allow":["GET"]}}],"collection":[{"href":"https:\/\/pwlibra.pl\/index.php\/wp-json\/wp\/v2\/product"}],"about":[{"href":"https:\/\/pwlibra.pl\/index.php\/wp-json\/wp\/v2\/types\/product"}],"version-history":[{"count":1,"href":"https:\/\/pwlibra.pl\/index.php\/wp-json\/wp\/v2\/product\/4561\/revisions"}],"predecessor-version":[{"id":4564,"href":"https:\/\/pwlibra.pl\/index.php\/wp-json\/wp\/v2\/product\/4561\/revisions\/4564"}],"wp:featuredmedia":[{"embeddable":true,"href":"https:\/\/pwlibra.pl\/index.php\/wp-json\/wp\/v2\/media\/4563"}],"wp:attachment":[{"href":"https:\/\/pwlibra.pl\/index.php\/wp-json\/wp\/v2\/media?parent=4561"}],"wp:term":[{"taxonomy":"authors","embeddable":true,"href":"https:\/\/pwlibra.pl\/index.php\/wp-json\/wp\/v2\/authors?post=4561"},{"taxonomy":"publishers","embeddable":true,"href":"https:\/\/pwlibra.pl\/index.php\/wp-json\/wp\/v2\/publishers?post=4561"},{"taxonomy":"product_brand","embeddable":true,"href":"https:\/\/pwlibra.pl\/index.php\/wp-json\/wp\/v2\/product_brand?post=4561"},{"taxonomy":"product_cat","embeddable":true,"href":"https:\/\/pwlibra.pl\/index.php\/wp-json\/wp\/v2\/product_cat?post=4561"},{"taxonomy":"product_tag","embeddable":true,"href":"https:\/\/pwlibra.pl\/index.php\/wp-json\/wp\/v2\/product_tag?post=4561"}],"curies":[{"name":"wp","href":"https:\/\/api.w.org\/{rel}","templated":true}]}}